{"id":6358,"date":"2025-04-21T02:25:05","date_gmt":"2025-04-21T08:25:05","guid":{"rendered":"https:\/\/skusamexico.net\/?page_id=6358"},"modified":"2025-04-21T02:37:34","modified_gmt":"2025-04-21T08:37:34","slug":"iame-series-mexico-2024","status":"publish","type":"page","link":"https:\/\/skusamexico.net\/en\/iame-series-mexico-2024\/","title":{"rendered":"IAME Series M\u00e9xico 2024"},"content":{"rendered":"<div data-elementor-type=\"wp-page\" data-elementor-id=\"6358\" class=\"elementor elementor-6358\" data-elementor-post-type=\"page\">\n\t\t\t\t<div class=\"elementor-element elementor-element-755c784 e-flex e-con-boxed e-con e-parent\" data-id=\"755c784\" data-element_type=\"container\" data-e-type=\"container\">\n\t\t\t\t\t<div class=\"e-con-inner\">\n\t\t\t\t<div class=\"elementor-element elementor-element-1159284 elementor-widget elementor-widget-image\" data-id=\"1159284\" data-element_type=\"widget\" data-e-type=\"widget\" data-widget_type=\"image.default\">\n\t\t\t\t<div class=\"elementor-widget-container\">\n\t\t\t\t\t\t\t\t\t\t\t\t\t\t\t<img fetchpriority=\"high\" decoding=\"async\" width=\"800\" height=\"1001\" src=\"https:\/\/skusamexico.net\/wp-content\/uploads\/2024\/10\/WhatsApp-Image-2024-10-04-at-1.54.00-PM-818x1024-1.jpeg\" class=\"attachment-large size-large wp-image-4349\" alt=\"\" srcset=\"https:\/\/skusamexico.net\/wp-content\/uploads\/2024\/10\/WhatsApp-Image-2024-10-04-at-1.54.00-PM-818x1024-1.jpeg 818w, https:\/\/skusamexico.net\/wp-content\/uploads\/2024\/10\/WhatsApp-Image-2024-10-04-at-1.54.00-PM-818x1024-1-240x300.jpeg 240w, https:\/\/skusamexico.net\/wp-content\/uploads\/2024\/10\/WhatsApp-Image-2024-10-04-at-1.54.00-PM-818x1024-1-768x961.jpeg 768w, https:\/\/skusamexico.net\/wp-content\/uploads\/2024\/10\/WhatsApp-Image-2024-10-04-at-1.54.00-PM-818x1024-1-10x12.jpeg 10w\" sizes=\"(max-width: 800px) 100vw, 800px\" \/>\t\t\t\t\t\t\t\t\t\t\t\t\t\t\t<\/div>\n\t\t\t\t<\/div>\n\t\t\t\t<div class=\"elementor-element elementor-element-a9775f5 elementor-widget elementor-widget-heading\" data-id=\"a9775f5\" data-element_type=\"widget\" data-e-type=\"widget\" data-widget_type=\"heading.default\">\n\t\t\t\t<div class=\"elementor-widget-container\">\n\t\t\t\t\t<h2 class=\"elementor-heading-title elementor-size-default\">IAME Series M\u00e9xico 2024 llega por primera vez de la mano de SKUSA\nM\u00e9xico<\/h2>\t\t\t\t<\/div>\n\t\t\t\t<\/div>\n\t\t\t\t<div class=\"elementor-element elementor-element-938cf06 elementor-widget elementor-widget-text-editor\" data-id=\"938cf06\" data-element_type=\"widget\" data-e-type=\"widget\" data-widget_type=\"text-editor.default\">\n\t\t\t\t<div class=\"elementor-widget-container\">\n\t\t\t\t\t\t\t\t\t<p class=\"p1\">The world of karting in Mexico is about to witness a historic event with the arrival of IAME Series Mexico. For the first time in the history of karting in the country, SKUSA Mexico is proud to bring one of the most prestigious and exciting competitions at a global level. This first edition of the IAME Series in Mexico promises to take national and international drivers to a completely new level of competition, adrenaline, and excitement.<\/p><p class=\"p1\">Para los aficionados al karting y los pilotos en ascenso, este evento es la oportunidad perfecta para medir su talento en un escenario de clase mundial. IAME Series M\u00e9xico no solo ofrecer\u00e1 un espect\u00e1culo vibrante para los espectadores, sino que tambi\u00e9n se convertir\u00e1 en una plataforma clave para aquellos que buscan avanzar en el mundo del automovilismo.<\/p><h2 class=\"p2\">What is IAME Series?<\/h2><p class=\"p1\">IAME Series es una de las competencias de karting m\u00e1s reconocidas a nivel global. Originaria de Italia y con presencia en varios pa\u00edses como Estados Unidos, Francia, Argentina y ahora M\u00e9xico, esta serie atrae a los pilotos m\u00e1s prometedores del mundo. La serie se ha consolidado como una plataforma ideal para que los talentos emergentes demuestren sus habilidades en pistas sumamente desafiantes, donde la destreza al volante, la estrategia y la concentraci\u00f3n se ponen a prueba.<\/p>\t\t\t\t\t\t\t\t<\/div>\n\t\t\t\t<\/div>\n\t\t\t\t<div class=\"elementor-element elementor-element-8f04aab elementor-widget elementor-widget-image\" data-id=\"8f04aab\" data-element_type=\"widget\" data-e-type=\"widget\" data-widget_type=\"image.default\">\n\t\t\t\t<div class=\"elementor-widget-container\">\n\t\t\t\t\t\t\t\t\t\t\t\t\t\t\t<img decoding=\"async\" width=\"600\" height=\"200\" src=\"https:\/\/skusamexico.net\/wp-content\/uploads\/2024\/10\/Diseno-sin-titulo-1.png\" class=\"attachment-large size-large wp-image-4348\" alt=\"\" srcset=\"https:\/\/skusamexico.net\/wp-content\/uploads\/2024\/10\/Diseno-sin-titulo-1.png 600w, https:\/\/skusamexico.net\/wp-content\/uploads\/2024\/10\/Diseno-sin-titulo-1-300x100.png 300w, https:\/\/skusamexico.net\/wp-content\/uploads\/2024\/10\/Diseno-sin-titulo-1-18x6.png 18w\" sizes=\"(max-width: 600px) 100vw, 600px\" \/>\t\t\t\t\t\t\t\t\t\t\t\t\t\t\t<\/div>\n\t\t\t\t<\/div>\n\t\t\t\t<div class=\"elementor-element elementor-element-7957c9a elementor-widget elementor-widget-text-editor\" data-id=\"7957c9a\" data-element_type=\"widget\" data-e-type=\"widget\" data-widget_type=\"text-editor.default\">\n\t\t\t\t<div class=\"elementor-widget-container\">\n\t\t\t\t\t\t\t\t\t<h1 class=\"p1\">SKUSA Mexico: The driving force of karting in Mexico<\/h1><p class=\"p1\">SKUSA M\u00e9xico ha sido la fuerza impulsora detr\u00e1s del crecimiento del karting en el pa\u00eds, y su experiencia y compromiso con el deporte los han convertido en los socios ideales para llevar IAME Series a M\u00e9xico. Desde su fundaci\u00f3n, Skusa M\u00e9xico ha organizado exitosamente eventos de alto nivel, como el ProTour, consolid\u00e1ndose como una de las organizaciones m\u00e1s importantes en la escena del karting mexicano.<\/p><p class=\"p1\"><br \/>La llegada de IAME Series M\u00e9xico no solo representa una oportunidad \u00fanica para los pilotos locales e internacionales, sino que tambi\u00e9n pone a M\u00e9xico en el mapa global del karting. \u00a0Skusa M\u00e9xico se encargar\u00e1 de garantizar que la organizaci\u00f3n del evento cumpla con los est\u00e1ndares internacionales m\u00e1s estrictos, brindando una experiencia segura y emocionante para todos los participantes.<\/p><h2 class=\"p1\">Diversity of categories for all levels<\/h2><p class=\"p1\">Uno de los aspectos m\u00e1s destacados de IAME Series M\u00e9xico es su capacidad para atraer a pilotos de todas las edades y niveles de experiencia. Desde los m\u00e1s peque\u00f1os hasta los veteranos del karting, esta serie ofrece categor\u00edas para todos como son:<\/p><ul><li class=\"p1\">Baby: Una categor\u00eda dise\u00f1ada para los pilotos m\u00e1s peque\u00f1os, que est\u00e1n dando sus primeros pasos en el mundo del karting.<\/li><li class=\"p1\">Micro y Mini: Para ni\u00f1os y ni\u00f1as que ya han ganado algo de experiencia en la pista y buscan competir en un ambiente m\u00e1s competitivo.<\/li><li class=\"p1\">X30 Junior y X30 Senior: Estas son algunas de las categor\u00edas m\u00e1s populares dentro de IAME Series M\u00e9xico, y permiten que pilotos adolescentes y adultos compitan en igualdad de condiciones.<\/li><li class=\"p1\">KZ1 \/ KZ4: Categor\u00edas de alto rendimiento dise\u00f1adas para los pilotos m\u00e1s experimentados y veloces, donde la habilidad t\u00e9cnica es clave para dominar la pista.<\/li><li class=\"p1\">X30 Master: Dirigida a pilotos m\u00e1s experimentados que buscan demostrar su habilidad y maestr\u00eda en la pista.<\/li><\/ul><p>\u00a0<\/p><p class=\"p1\">La inclusi\u00f3n de estas diversas categor\u00edas asegura que tanto los principiantes como los pilotos profesionales puedan encontrar un lugar en IAME Series M\u00e9xico, lo que fomenta un ambiente competitivo y accesible para todos.<\/p>\t\t\t\t\t\t\t\t<\/div>\n\t\t\t\t<\/div>\n\t\t\t\t<div class=\"elementor-element elementor-element-56c258f elementor-widget elementor-widget-image\" data-id=\"56c258f\" data-element_type=\"widget\" data-e-type=\"widget\" data-widget_type=\"image.default\">\n\t\t\t\t<div class=\"elementor-widget-container\">\n\t\t\t\t\t\t\t\t\t\t\t\t\t\t\t<img decoding=\"async\" width=\"800\" height=\"1000\" src=\"https:\/\/skusamexico.net\/wp-content\/uploads\/2024\/10\/premios-iame-series-2024-819x1024.jpg\" class=\"attachment-large size-large wp-image-4672\" alt=\"\" srcset=\"https:\/\/skusamexico.net\/wp-content\/uploads\/2024\/10\/premios-iame-series-2024-819x1024.jpg 819w, https:\/\/skusamexico.net\/wp-content\/uploads\/2024\/10\/premios-iame-series-2024-240x300.jpg 240w, https:\/\/skusamexico.net\/wp-content\/uploads\/2024\/10\/premios-iame-series-2024-768x960.jpg 768w, https:\/\/skusamexico.net\/wp-content\/uploads\/2024\/10\/premios-iame-series-2024-10x12.jpg 10w, https:\/\/skusamexico.net\/wp-content\/uploads\/2024\/10\/premios-iame-series-2024.jpg 1024w\" sizes=\"(max-width: 800px) 100vw, 800px\" \/>\t\t\t\t\t\t\t\t\t\t\t\t\t\t\t<\/div>\n\t\t\t\t<\/div>\n\t\t\t\t<div class=\"elementor-element elementor-element-6bf5359 elementor-widget elementor-widget-text-editor\" data-id=\"6bf5359\" data-element_type=\"widget\" data-e-type=\"widget\" data-widget_type=\"text-editor.default\">\n\t\t\t\t<div class=\"elementor-widget-container\">\n\t\t\t\t\t\t\t\t\t<h2 class=\"p1\">Big prizes up for grabs<\/h2><p class=\"p1\">Competir en IAME Series M\u00e9xico no solo ofrece la oportunidad de probar tus habilidades en la pista, sino que tambi\u00e9n representa la posibilidad de ganar premios atractivos. Los pilotos se enfrentar\u00e1n a la \u00e9lite del karting, con la meta de alcanzar la victoria y ganar notoriedad en uno de los eventos m\u00e1s prestigiosos del pa\u00eds. Adem\u00e1s de los trofeos, el verdadero valor de IAME Series M\u00e9xico est\u00e1 en el reconocimiento que otorga. Ser parte de una competencia de esta magnitud y tener la oportunidad de enfrentarse a algunos de los mejores pilotos del pa\u00eds y del extranjero es una experiencia inigualable. Los ganadores no solo se llevar\u00e1n premios, sino tambi\u00e9n el prestigio y el reconocimiento dentro de la comunidad internacional del karting.<\/p><h2 class=\"p1\">Prizes in each category<\/h2><p class=\"p1\">Prizes in IAME Series Mexico vary by category, providing unique incentives for drivers. In the Baby and Micro categories, first place will receive a full entry for the SKUSA Mexico 2025 season. For the Mini, X30 Junior, X30 Master, and X30 Senior categories, the main prize is a full entry for the IAME World Final 2025, one of the most anticipated events in global karting. Meanwhile, winners in the KZ1 and KZ4 categories will receive an entry for the prestigious Supernats 2025. It should be noted that prizes do not include additional expenses such as tires, oil, and fuel for practice and race, and each category must have a minimum of 10 participants for these prizes to be awarded.<\/p>\t\t\t\t\t\t\t\t<\/div>\n\t\t\t\t<\/div>\n\t\t\t\t<div class=\"elementor-element elementor-element-d87b166 elementor-align-center elementor-widget elementor-widget-button\" data-id=\"d87b166\" data-element_type=\"widget\" data-e-type=\"widget\" data-widget_type=\"button.default\">\n\t\t\t\t<div class=\"elementor-widget-container\">\n\t\t\t\t\t\t\t\t\t<div class=\"elementor-button-wrapper\">\n\t\t\t\t\t<a class=\"elementor-button elementor-button-link elementor-size-sm\" href=\"https:\/\/skusamexico.net\/wp-content\/uploads\/CONVOCATORIAS\/Convocatoria%20IAME%20SERIES%202024.pdf?_t=1731034066\" target=\"_blank\">\n\t\t\t\t\t\t<span class=\"elementor-button-content-wrapper\">\n\t\t\t\t\t\t\t\t\t<span class=\"elementor-button-text\">Event Guidelines<\/span>\n\t\t\t\t\t<\/span>\n\t\t\t\t\t<\/a>\n\t\t\t\t<\/div>\n\t\t\t\t\t\t\t\t<\/div>\n\t\t\t\t<\/div>\n\t\t\t\t<div class=\"elementor-element elementor-element-9a29ec1 elementor-widget elementor-widget-text-editor\" data-id=\"9a29ec1\" data-element_type=\"widget\" data-e-type=\"widget\" data-widget_type=\"text-editor.default\">\n\t\t\t\t<div class=\"elementor-widget-container\">\n\t\t\t\t\t\t\t\t\t<h2 class=\"p1\">Save the date for the most exciting event of the year!<\/h2><p class=\"p1 translation-block\">The <strong>IAME Series Mexico<\/strong> championship will take place from <strong>Friday, December 6 to Sunday, December 8, 2024<\/strong>, at the prestigious <strong>Kart\u00f3dromo Internacional KBR<\/strong>, located in Mexico City. This event promises to be an unmissable date on the sports calendar, not only for drivers but also for karting and motorsport fans in general.<\/p><p class=\"p1 translation-block\">The three days of competition will offer a unique experience, with pure adrenaline in every lap, thrilling duels on the track, and the chance to see future motorsport stars in action. Whether you're a driver, a fan, or simply someone who loves speed, <strong>IAME Series Mexico<\/strong> is the event you cannot miss in 2024.<\/p><p class=\"p1\">\u00a1Prep\u00e1rate para vivir la emoci\u00f3n de IAME Series M\u00e9xico y s\u00e9 parte de la historia del karting en nuestro pa\u00eds!.<\/p>\t\t\t\t\t\t\t\t<\/div>\n\t\t\t\t<\/div>\n\t\t\t\t<div class=\"elementor-element elementor-element-44fcfb8 elementor-align-center elementor-widget elementor-widget-button\" data-id=\"44fcfb8\" data-element_type=\"widget\" data-e-type=\"widget\" data-widget_type=\"button.default\">\n\t\t\t\t<div class=\"elementor-widget-container\">\n\t\t\t\t\t\t\t\t\t<div class=\"elementor-button-wrapper\">\n\t\t\t\t\t<a class=\"elementor-button elementor-button-link elementor-size-sm\" href=\"https:\/\/skusamexico.net\/en\/registro\/\" target=\"_blank\">\n\t\t\t\t\t\t<span class=\"elementor-button-content-wrapper\">\n\t\t\t\t\t\t\t\t\t<span class=\"elementor-button-text\">Sign up<\/span>\n\t\t\t\t\t<\/span>\n\t\t\t\t\t<\/a>\n\t\t\t\t<\/div>\n\t\t\t\t\t\t\t\t<\/div>\n\t\t\t\t<\/div>\n\t\t\t\t\t<\/div>\n\t\t\t\t<\/div>\n\t\t\t\t<\/div>","protected":false},"excerpt":{"rendered":"<p>IAME Series M\u00e9xico 2024 llega por primera vez de la mano de SKUSA M\u00e9xico El mundo del karting en M\u00e9xico est\u00e1 a punto de presenciar un evento hist\u00f3rico con la llegada de IAME Series M\u00e9xico. Por primera vez en la historia del karting en el pa\u00eds, SKUSA M\u00e9xico se enorgullece de traer una de las [&hellip;]<\/p>\n","protected":false},"author":1,"featured_media":0,"parent":0,"menu_order":0,"comment_status":"closed","ping_status":"closed","template":"","meta":{"_monsterinsights_skip_tracking":false,"_monsterinsights_sitenote_active":false,"_monsterinsights_sitenote_note":"","_monsterinsights_sitenote_category":0,"footnotes":""},"class_list":["post-6358","page","type-page","status-publish","hentry"],"_links":{"self":[{"href":"https:\/\/skusamexico.net\/en\/wp-json\/wp\/v2\/pages\/6358","targetHints":{"allow":["GET"]}}],"collection":[{"href":"https:\/\/skusamexico.net\/en\/wp-json\/wp\/v2\/pages"}],"about":[{"href":"https:\/\/skusamexico.net\/en\/wp-json\/wp\/v2\/types\/page"}],"author":[{"embeddable":true,"href":"https:\/\/skusamexico.net\/en\/wp-json\/wp\/v2\/users\/1"}],"replies":[{"embeddable":true,"href":"https:\/\/skusamexico.net\/en\/wp-json\/wp\/v2\/comments?post=6358"}],"version-history":[{"count":16,"href":"https:\/\/skusamexico.net\/en\/wp-json\/wp\/v2\/pages\/6358\/revisions"}],"predecessor-version":[{"id":6375,"href":"https:\/\/skusamexico.net\/en\/wp-json\/wp\/v2\/pages\/6358\/revisions\/6375"}],"wp:attachment":[{"href":"https:\/\/skusamexico.net\/en\/wp-json\/wp\/v2\/media?parent=6358"}],"curies":[{"name":"wp","href":"https:\/\/api.w.org\/{rel}","templated":true}]}}