{"id":2373,"date":"2023-01-07T07:49:37","date_gmt":"2023-01-07T13:49:37","guid":{"rendered":"https:\/\/skusamexico.net\/?page_id=2373"},"modified":"2026-01-14T21:59:59","modified_gmt":"2026-01-15T03:59:59","slug":"registro","status":"publish","type":"page","link":"https:\/\/skusamexico.net\/en\/registro\/","title":{"rendered":"Registro"},"content":{"rendered":"<div data-elementor-type=\"wp-page\" data-elementor-id=\"2373\" class=\"elementor elementor-2373\" data-elementor-post-type=\"page\">\n\t\t\t\t<div class=\"elementor-element elementor-element-6683d6d e-flex e-con-boxed e-con e-parent\" data-id=\"6683d6d\" data-element_type=\"container\" data-e-type=\"container\">\n\t\t\t\t\t<div class=\"e-con-inner\">\n\t\t\t\t<div class=\"elementor-element elementor-element-788f925 elementor-widget elementor-widget-image\" data-id=\"788f925\" data-element_type=\"widget\" data-e-type=\"widget\" data-widget_type=\"image.default\">\n\t\t\t\t<div class=\"elementor-widget-container\">\n\t\t\t\t\t\t\t\t\t\t\t\t\t\t\t<img fetchpriority=\"high\" decoding=\"async\" width=\"550\" height=\"250\" src=\"https:\/\/skusamexico.net\/wp-content\/uploads\/2024\/11\/2-1.png\" class=\"attachment-large size-large wp-image-5167\" alt=\"\" srcset=\"https:\/\/skusamexico.net\/wp-content\/uploads\/2024\/11\/2-1.png 550w, https:\/\/skusamexico.net\/wp-content\/uploads\/2024\/11\/2-1-300x136.png 300w, https:\/\/skusamexico.net\/wp-content\/uploads\/2024\/11\/2-1-18x8.png 18w\" sizes=\"(max-width: 550px) 100vw, 550px\" \/>\t\t\t\t\t\t\t\t\t\t\t\t\t\t\t<\/div>\n\t\t\t\t<\/div>\n\t\t\t\t<div class=\"elementor-element elementor-element-057d0e8 elementor-widget elementor-widget-heading\" data-id=\"057d0e8\" data-element_type=\"widget\" data-e-type=\"widget\" data-widget_type=\"heading.default\">\n\t\t\t\t<div class=\"elementor-widget-container\">\n\t\t\t\t\t<h1 class=\"elementor-heading-title elementor-size-default\">2026<\/h1>\t\t\t\t<\/div>\n\t\t\t\t<\/div>\n\t\t\t\t\t<\/div>\n\t\t\t\t<\/div>\n\t\t<div class=\"elementor-element elementor-element-48f2c6b e-flex e-con-boxed e-con e-parent\" data-id=\"48f2c6b\" data-element_type=\"container\" data-e-type=\"container\">\n\t\t\t\t\t<div class=\"e-con-inner\">\n\t\t<div class=\"elementor-element elementor-element-81829b4 e-flex e-con-boxed e-con e-child\" data-id=\"81829b4\" data-element_type=\"container\" data-e-type=\"container\" data-settings=\"{&quot;background_background&quot;:&quot;classic&quot;}\">\n\t\t\t\t\t<div class=\"e-con-inner\">\n\t\t\t\t<div class=\"elementor-element elementor-element-ad6d96d elementor-align-center elementor-widget elementor-widget-button\" data-id=\"ad6d96d\" data-element_type=\"widget\" data-e-type=\"widget\" data-widget_type=\"button.default\">\n\t\t\t\t<div class=\"elementor-widget-container\">\n\t\t\t\t\t\t\t\t\t<div class=\"elementor-button-wrapper\">\n\t\t\t\t\t<a class=\"elementor-button elementor-button-link elementor-size-sm\" href=\"https:\/\/skusamexico.net\/en\/inscripciones\/\">\n\t\t\t\t\t\t<span class=\"elementor-button-content-wrapper\">\n\t\t\t\t\t\t\t\t\t<span class=\"elementor-button-text\">HAZ CLICK AQU\u00cd PARA REGISTRARTE<\/span>\n\t\t\t\t\t<\/span>\n\t\t\t\t\t<\/a>\n\t\t\t\t<\/div>\n\t\t\t\t\t\t\t\t<\/div>\n\t\t\t\t<\/div>\n\t\t\t\t\t<\/div>\n\t\t\t\t<\/div>\n\t\t<div class=\"elementor-element elementor-element-898c6bf e-con-full e-flex e-con e-child\" data-id=\"898c6bf\" data-element_type=\"container\" data-e-type=\"container\" data-settings=\"{&quot;background_background&quot;:&quot;classic&quot;}\">\n\t\t\t\t<div class=\"elementor-element elementor-element-fa2f254 elementor-widget elementor-widget-text-editor\" data-id=\"fa2f254\" data-element_type=\"widget\" data-e-type=\"widget\" data-widget_type=\"text-editor.default\">\n\t\t\t\t<div class=\"elementor-widget-container\">\n\t\t\t\t\t\t\t\t\t<h4>Ser\u00e1 de vital importancia proporcionar un <strong>phone number<\/strong> and <strong>email address<\/strong> .<br \/>You will be sent a QR code that you can use to collect your registration and supplies.<\/h4>\t\t\t\t\t\t\t\t<\/div>\n\t\t\t\t<\/div>\n\t\t\t\t<\/div>\n\t\t\t\t\t<\/div>\n\t\t\t\t<\/div>\n\t\t\t\t<\/div>","protected":false},"excerpt":{"rendered":"<p>2026 HAZ CLICK AQU\u00cd PARA REGISTRARTE Ser\u00e1 de vital importancia proporcionar un tel\u00e9fono y correo electr\u00f3nico vigentes;ya que se te har\u00e1 llegar un c\u00f3digo QR con el que podr\u00e1s recoger tu inscripci\u00f3n y tus aditamentos.<\/p>","protected":false},"author":2,"featured_media":0,"parent":0,"menu_order":0,"comment_status":"closed","ping_status":"closed","template":"","meta":{"_monsterinsights_skip_tracking":false,"_monsterinsights_sitenote_active":false,"_monsterinsights_sitenote_note":"","_monsterinsights_sitenote_category":0,"footnotes":""},"class_list":["post-2373","page","type-page","status-publish","hentry"],"_links":{"self":[{"href":"https:\/\/skusamexico.net\/en\/wp-json\/wp\/v2\/pages\/2373","targetHints":{"allow":["GET"]}}],"collection":[{"href":"https:\/\/skusamexico.net\/en\/wp-json\/wp\/v2\/pages"}],"about":[{"href":"https:\/\/skusamexico.net\/en\/wp-json\/wp\/v2\/types\/page"}],"author":[{"embeddable":true,"href":"https:\/\/skusamexico.net\/en\/wp-json\/wp\/v2\/users\/2"}],"replies":[{"embeddable":true,"href":"https:\/\/skusamexico.net\/en\/wp-json\/wp\/v2\/comments?post=2373"}],"version-history":[{"count":289,"href":"https:\/\/skusamexico.net\/en\/wp-json\/wp\/v2\/pages\/2373\/revisions"}],"predecessor-version":[{"id":8732,"href":"https:\/\/skusamexico.net\/en\/wp-json\/wp\/v2\/pages\/2373\/revisions\/8732"}],"wp:attachment":[{"href":"https:\/\/skusamexico.net\/en\/wp-json\/wp\/v2\/media?parent=2373"}],"curies":[{"name":"wp","href":"https:\/\/api.w.org\/{rel}","templated":true}]}}