{"id":1991,"date":"2022-12-27T23:23:31","date_gmt":"2022-12-28T05:23:31","guid":{"rendered":"https:\/\/skusamexico.net\/?page_id=1991"},"modified":"2025-09-09T11:27:55","modified_gmt":"2025-09-09T17:27:55","slug":"aviso-de-privacidad","status":"publish","type":"page","link":"https:\/\/skusamexico.net\/en\/aviso-de-privacidad\/","title":{"rendered":"Privacy Notice"},"content":{"rendered":"\t\t<div data-elementor-type=\"wp-page\" data-elementor-id=\"1991\" class=\"elementor elementor-1991\" data-elementor-post-type=\"page\">\n\t\t\t\t<div class=\"elementor-element elementor-element-57d1f06 e-flex e-con-boxed e-con e-parent\" data-id=\"57d1f06\" data-element_type=\"container\" data-e-type=\"container\">\n\t\t\t\t\t<div class=\"e-con-inner\">\n\t\t\t\t<div class=\"elementor-element elementor-element-7a605dcf elementor-widget elementor-widget-text-editor\" data-id=\"7a605dcf\" data-element_type=\"widget\" data-e-type=\"widget\" data-widget_type=\"text-editor.default\">\n\t\t\t\t<div class=\"elementor-widget-container\">\n\t\t\t\t\t\t\t\t\t<h1 style=\"text-align: center;\"><br \/>Aviso de Privacidad<\/h1><h2>Identidad y domicilio del responsable<\/h2><p>SKUSA M\u00e9xico, S.A. de C.V. (en adelante &#8220;SKUSA M\u00e9xico&#8221;), con domicilio en Pe\u00f1as 235, Jardines del Pedregal, C.P. 01900, \u00c1lvaro Obreg\u00f3n, Ciudad de M\u00e9xico, y tel\u00e9fono de contacto +52 1 56 3392 6581, es responsable del tratamiento de sus datos personales.<\/p><h2>Finalidades del tratamiento de datos personales<\/h2><p>Los datos personales que recopilamos a trav\u00e9s de nuestro sitio web www.skusamexico.net son utilizados para las siguientes finalidades:<\/p><ol><li>Registro y participaci\u00f3n en las competencias del SKUSA ProTour e IAME Series M\u00e9xico.<\/li><li>Contactar a los participantes para fines relacionados con la organizaci\u00f3n y log\u00edstica de las competencias.<\/li><li>Uso de datos m\u00e9dicos sensibles: El tipo de sangre proporcionado por los participantes, junto con otros datos personales como nombre, edad y dem\u00e1s informaci\u00f3n relevante, se utiliza exclusivamente para fines de conocimiento de los equipos m\u00e9dicos y ambulancias durante los eventos, con el objetivo de actuar de manera r\u00e1pida y eficaz en caso de emergencias.<\/li><li>Gesti\u00f3n de pagos, facturaci\u00f3n y emisi\u00f3n de recibos por la inscripci\u00f3n a los eventos.<\/li><li>Generar estad\u00edsticas internas y realizar an\u00e1lisis relacionados con la mejora de nuestros eventos y servicios.<\/li><li>Comunicaci\u00f3n a trav\u00e9s de grupos de WhatsApp: Los n\u00fameros de tel\u00e9fono proporcionados por los participantes pueden ser utilizados para a\u00f1adirlos a grupos de WhatsApp gestionados por SKUSA M\u00e9xico, con el fin de compartir anuncios, actualizaciones y comunicaciones relacionadas con la carrera durante los eventos. Al unirse al grupo, los participantes reconocen que su n\u00famero de tel\u00e9fono ser\u00e1 visible para otros miembros del grupo.<\/li><li>Env\u00edo de comunicaciones masivas: Utilizaremos el correo electr\u00f3nico proporcionado por los participantes \u00fanicamente si aceptan la casilla de consentimiento correspondiente, para enviarles informaci\u00f3n sobre pr\u00f3ximos eventos, comunicados, actualizaciones y promociones relacionados con nuestras competencias. Si el participante no marca esta opci\u00f3n, su correo electr\u00f3nico se utilizar\u00e1 \u00fanicamente para los fines espec\u00edficos de su inscripci\u00f3n y participaci\u00f3n en el evento.<\/li><li>Seguridad del sitio web: Utilizamos herramientas como WP Cerber y Really Simple Security para proteger nuestro sitio web contra accesos no autorizados, ataques de malware y otras amenazas. Estas herramientas pueden recopilar informaci\u00f3n como la direcci\u00f3n IP de los visitantes para garantizar la seguridad de la plataforma.<\/li><li>Protecci\u00f3n de formularios: Utilizamos Google reCAPTCHA para proteger los formularios del sitio web contra env\u00edos de spam y accesos no autorizados. Esta herramienta puede recopilar datos como la direcci\u00f3n IP y el comportamiento del usuario para verificar que no se trata de un bot.<\/li><\/ol><h1>\u00a0<\/h1><h2>Datos personales solicitados<\/h2><p>Para los fines se\u00f1alados, SKUSA M\u00e9xico recopila los siguientes datos personales a trav\u00e9s de nuestro formulario web:<\/p><ul><li>Nombre<\/li><li>Apellidos<\/li><li>Correo electr\u00f3nico<\/li><li>Tipo de sangre (dato sensible)<\/li><li>Pa\u00eds de origen<\/li><li>Estado<\/li><li>Fecha de nacimiento<\/li><li>Tel\u00e9fono<\/li><li>Equipo<\/li><li>Chasis<\/li><li>Categor\u00eda de participaci\u00f3n<\/li><li>N\u00famero de kart<\/li><li>Renta de transponder (s\u00ed o no)<\/li><li>Forma de pago<\/li><\/ul><h2>Uso de cookies y tecnolog\u00edas similares<\/h2><p>Nuestro sitio web utiliza cookies de rendimiento y tecnolog\u00edas similares para mejorar la experiencia de los usuarios y analizar la interacci\u00f3n con nuestro sitio. Las cookies nos permiten entender el comportamiento de los usuarios y mejorar el contenido de nuestro sitio web.<\/p><p>Las cookies que utilizamos incluyen:<\/p><ul><li>Google Analytics: Utilizado para analizar el tr\u00e1fico y comportamiento de los usuarios en el sitio. Recopila informaci\u00f3n de forma an\u00f3nima sobre c\u00f3mo navegan los usuarios.<\/li><li>Microsoft Clarity: Utilizado para entender c\u00f3mo interact\u00faan los usuarios con las diferentes secciones de nuestro sitio, con el fin de mejorar la experiencia de navegaci\u00f3n.<\/li><li>TranslatePress: Utiliza cookies de preferencia para recordar el idioma seleccionado por los usuarios durante su navegaci\u00f3n en nuestro sitio.<\/li><\/ul><p>Para m\u00e1s informaci\u00f3n sobre c\u00f3mo utilizamos las cookies y c\u00f3mo puede gestionarlas, consulte nuestra Pol\u00edtica de Cookies .<\/p><h2>Transferencias de datos personales<\/h2><p>Sus datos personales pueden ser transferidos y tratados dentro y fuera del pa\u00eds por personas distintas a SKUSA M\u00e9xico en los siguientes casos:<\/p><ul><li>A autoridades competentes, cuando sea necesario para cumplir con disposiciones legales.<\/li><li>A nuestros socios comerciales y patrocinadores, en el caso de ser necesario para la participaci\u00f3n en los eventos.<\/li><li>A los equipos m\u00e9dicos y de ambulancias presentes en los eventos, para el uso exclusivo de datos personales y m\u00e9dicos (como el tipo de sangre, nombre, edad, y dem\u00e1s informaci\u00f3n relevante) en situaciones de emergencia, con el objetivo de brindar atenci\u00f3n m\u00e9dica adecuada y oportuna.<\/li><\/ul><p>Estas transferencias se realizan con el objetivo de facilitar la organizaci\u00f3n y el desarrollo de los eventos en los que usted participe. En ning\u00fan otro caso compartimos sus datos personales con terceros sin su consentimiento previo.<\/p><h2>Derechos ARCO (Acceso, Rectificaci\u00f3n, Cancelaci\u00f3n y Oposici\u00f3n)<\/h2><p>Usted tiene derecho a conocer qu\u00e9 datos personales tenemos de usted, para qu\u00e9 los utilizamos y las condiciones del uso que les damos (Acceso). Asimismo, es su derecho solicitar la correcci\u00f3n de su informaci\u00f3n personal en caso de que est\u00e9 desactualizada, sea inexacta o est\u00e9 incompleta (Rectificaci\u00f3n); que la eliminemos de nuestros registros o bases de datos cuando considere que no est\u00e1 siendo utilizada adecuadamente (Cancelaci\u00f3n); as\u00ed como oponerse al uso de sus datos personales para fines espec\u00edficos (Oposici\u00f3n).<\/p><p>Para el ejercicio de cualquiera de los derechos ARCO, por favor env\u00ede una solicitud al correo electr\u00f3nico info@skusamexico.net, indicando su nombre completo, el motivo de su solicitud, y adjuntando una copia de un documento oficial que acredite su identidad.<\/p><h2>Revocaci\u00f3n del consentimiento<\/h2><p>En cualquier momento, usted puede revocar el consentimiento que haya otorgado para el tratamiento de sus datos personales, con la finalidad de que dejemos de hacer uso de los mismos. Para ello, es necesario que env\u00ede su solicitud a trav\u00e9s del correo electr\u00f3nico info@skusamexico.net.<\/p><h2>Limitaci\u00f3n del uso y divulgaci\u00f3n de la informaci\u00f3n<\/h2><p>Para limitar el uso y divulgaci\u00f3n de su informaci\u00f3n personal, favor de enviar un correo electr\u00f3nico a info@skusamexico.net, en el cual se especifique las limitaciones que desea aplicar. Estas pueden incluir la limitaci\u00f3n de la difusi\u00f3n de promociones y campa\u00f1as de marketing relacionadas con nuestros eventos.<\/p><h2>Modificaciones al Aviso de Privacidad<\/h2><p>Este aviso de privacidad puede sufrir modificaciones, cambios o actualizaciones derivadas de nuevos requerimientos legales, de nuestras propias necesidades por los productos o servicios que ofrecemos, de nuestras pr\u00e1cticas de privacidad o por otras causas. Cualquier modificaci\u00f3n al presente aviso de privacidad se har\u00e1 de su conocimiento a trav\u00e9s de nuestro sitio web www.skusamexico.net.<\/p><h2>Consentimiento<\/h2><p>Al proporcionar sus datos personales a trav\u00e9s del formulario web y otros canales habilitados, consiente que estos sean tratados conforme a los t\u00e9rminos y condiciones del presente Aviso de Privacidad.<\/p>\t\t\t\t\t\t\t\t<\/div>\n\t\t\t\t<\/div>\n\t\t\t\t<div class=\"elementor-element elementor-element-a84d385 elementor-widget elementor-widget-text-editor\" data-id=\"a84d385\" data-element_type=\"widget\" data-e-type=\"widget\" data-widget_type=\"text-editor.default\">\n\t\t\t\t<div class=\"elementor-widget-container\">\n\t\t\t\t\t\t\t\t\t<h1 style=\"text-align: center;\"><span class=\"TextRun SCXW227093814 BCX4\" lang=\"ES-MX\" xml:lang=\"ES-MX\" data-contrast=\"auto\"><span class=\"NormalTextRun SCXW227093814 BCX4\">AUTORIZACI\u00d3N PARA USO DE <\/span><span class=\"NormalTextRun SCXW227093814 BCX4\">IMAGEN,<br \/>VOZ<\/span><span class=\"NormalTextRun SCXW227093814 BCX4\"> Y MATERIAL AUDIOVISUAL<\/span><\/span><span class=\"EOP SCXW227093814 BCX4\" data-ccp-props=\"{&quot;335551550&quot;:6,&quot;335551620&quot;:6}\">\u00a0<\/span><\/h1><h3>\u00a0<\/h3><h3><strong><span class=\"TextRun SCXW71381107 BCX4\" lang=\"ES-MX\" xml:lang=\"ES-MX\" data-contrast=\"auto\"><span class=\"NormalTextRun SCXW71381107 BCX4\">PRIMERO <\/span><span class=\"NormalTextRun SCXW71381107 BCX4\">&#8211; OBJETIVO DE LA AUTORIZACI\u00d3N<\/span><\/span><\/strong><\/h3><p><span data-contrast=\"auto\">Autorizo de forma expresa, voluntaria e informada a SKUSA M\u00c9XICO y sus medios autorizados de multimedia, para captar ,fijar, reproducir y utilizar mi imagen, voz, nombre, y\/o cualquier otra cosa caracter\u00edstica identificativa, mediante fotograf\u00edas, grabaciones de audio y\/o video, tomadas en el evento y proyecciones futuras para SKUSA M\u00c9XICO.<\/span><span data-ccp-props=\"{&quot;335551550&quot;:6,&quot;335551620&quot;:6}\">\u00a0<\/span><\/p><p><span data-ccp-props=\"{&quot;335551550&quot;:6,&quot;335551620&quot;:6}\">\u00a0<\/span><\/p><h3><strong>SEGUNDO &#8211; ALCANCE DE LA AUTORIZACI\u00d3N<\/strong><\/h3><p><span data-contrast=\"auto\">El uso autorizado podr\u00e1 realizarse en cualquier formato f\u00edsico o digital, incluyendo, pero no limitado a:<\/span><span data-ccp-props=\"{&quot;335551550&quot;:6,&quot;335551620&quot;:6}\">\u00a0<\/span><\/p><p><span data-contrast=\"auto\">Publicidad impresa o digital.<\/span><span data-ccp-props=\"{&quot;335551550&quot;:6,&quot;335551620&quot;:6}\">\u00a0<\/span><\/p><p><span data-contrast=\"auto\">Redes sociales y p\u00e1ginas web.<\/span><span data-ccp-props=\"{&quot;335551550&quot;:6,&quot;335551620&quot;:6}\">\u00a0<\/span><\/p><p><span data-contrast=\"auto\">Televisi\u00f3n, radio, cine, libros, medios audiovisuales entre otros.\u00a0<\/span><span data-ccp-props=\"{&quot;335551550&quot;:6,&quot;335551620&quot;:6}\">\u00a0<\/span><\/p><p><span data-contrast=\"auto\">Material interno, promocional o corporativo.<\/span><span data-ccp-props=\"{&quot;335551550&quot;:6,&quot;335551620&quot;:6}\">\u00a0<\/span><\/p><p><span data-contrast=\"auto\">Esta autorizaci\u00f3n se concede a \u201cTitulo gratuito\u201d por un plazo indefinido y con alcance geogr\u00e1fico mundial.<\/span><span data-ccp-props=\"{&quot;335551550&quot;:6,&quot;335551620&quot;:6}\">\u00a0<\/span><\/p><p><span data-ccp-props=\"{&quot;335551550&quot;:6,&quot;335551620&quot;:6}\">\u00a0<\/span><\/p><h3><strong>TERCERO-DERECHOS Y CONDICIONES\u00a0\u00a0<\/strong><\/h3><ol><li aria-setsize=\"-1\" data-leveltext=\"%1.\" data-font=\"\" data-listid=\"1\" data-list-defn-props=\"{&quot;335552541&quot;:0,&quot;335559685&quot;:720,&quot;335559991&quot;:360,&quot;469769242&quot;:[65533,0],&quot;469777803&quot;:&quot;left&quot;,&quot;469777804&quot;:&quot;%1.&quot;,&quot;469777815&quot;:&quot;hybridMultilevel&quot;}\" data-aria-posinset=\"1\" data-aria-level=\"1\"><span data-contrast=\"auto\">El autorizado podr\u00e1 realizar ediciones o adaptaciones al material, siempre que no distorsionen ni afecten mi honor, reputaci\u00f3n o dignidad.<\/span><span data-ccp-props=\"{&quot;335551550&quot;:6,&quot;335551620&quot;:6}\">\u00a0<\/span><\/li><li aria-setsize=\"-1\" data-leveltext=\"%1.\" data-font=\"\" data-listid=\"1\" data-list-defn-props=\"{&quot;335552541&quot;:0,&quot;335559685&quot;:720,&quot;335559991&quot;:360,&quot;469769242&quot;:[65533,0],&quot;469777803&quot;:&quot;left&quot;,&quot;469777804&quot;:&quot;%1.&quot;,&quot;469777815&quot;:&quot;hybridMultilevel&quot;}\" data-aria-posinset=\"1\" data-aria-level=\"1\"><span data-contrast=\"auto\">Esta autorizaci\u00f3n no implica cesi\u00f3n de derechos patrimoniales sobre mi imagen o voz, sino \u00fanicamente una licencia conforme a lo aqu\u00ed estipulado.<\/span><span data-ccp-props=\"{&quot;335551550&quot;:6,&quot;335551620&quot;:6}\">\u00a0<\/span><\/li><\/ol><p><span data-contrast=\"auto\">\u00a0<\/span><span data-ccp-props=\"{&quot;335551550&quot;:6,&quot;335551620&quot;:6,&quot;335559685&quot;:720}\">\u00a0<\/span><\/p><h3><strong>CUARTO &#8211; PROTECCI\u00d3N DE DATOS PERSONALES \u00a0<\/strong><\/h3><p><span data-contrast=\"auto\">El autorizado tratar\u00e1 cualquier dato personal conforme a la Ley Federal de Protecci\u00f3n de Datos Personales en Posesi\u00f3n de los Particulares, garantizando su confidencialidad y seguridad.<\/span><span data-ccp-props=\"{}\">\u00a0<\/span><\/p>\t\t\t\t\t\t\t\t<\/div>\n\t\t\t\t<\/div>\n\t\t\t\t\t<\/div>\n\t\t\t\t<\/div>\n\t\t\t\t<\/div>\n\t\t","protected":false},"excerpt":{"rendered":"<p>Aviso de Privacidad Identidad y domicilio del responsable SKUSA M\u00e9xico, S.A. de C.V. (en adelante &#8220;SKUSA M\u00e9xico&#8221;), con domicilio en Pe\u00f1as 235, Jardines del Pedregal, C.P. 01900, \u00c1lvaro Obreg\u00f3n, Ciudad de M\u00e9xico, y tel\u00e9fono de contacto +52 1 56 3392 6581, es responsable del tratamiento de sus datos personales. Finalidades del tratamiento de datos personales [&hellip;]<\/p>\n","protected":false},"author":2,"featured_media":0,"parent":0,"menu_order":0,"comment_status":"closed","ping_status":"closed","template":"","meta":{"_monsterinsights_skip_tracking":false,"_monsterinsights_sitenote_active":false,"_monsterinsights_sitenote_note":"","_monsterinsights_sitenote_category":0,"footnotes":""},"class_list":["post-1991","page","type-page","status-publish","hentry"],"_links":{"self":[{"href":"https:\/\/skusamexico.net\/en\/wp-json\/wp\/v2\/pages\/1991","targetHints":{"allow":["GET"]}}],"collection":[{"href":"https:\/\/skusamexico.net\/en\/wp-json\/wp\/v2\/pages"}],"about":[{"href":"https:\/\/skusamexico.net\/en\/wp-json\/wp\/v2\/types\/page"}],"author":[{"embeddable":true,"href":"https:\/\/skusamexico.net\/en\/wp-json\/wp\/v2\/users\/2"}],"replies":[{"embeddable":true,"href":"https:\/\/skusamexico.net\/en\/wp-json\/wp\/v2\/comments?post=1991"}],"version-history":[{"count":29,"href":"https:\/\/skusamexico.net\/en\/wp-json\/wp\/v2\/pages\/1991\/revisions"}],"predecessor-version":[{"id":8043,"href":"https:\/\/skusamexico.net\/en\/wp-json\/wp\/v2\/pages\/1991\/revisions\/8043"}],"wp:attachment":[{"href":"https:\/\/skusamexico.net\/en\/wp-json\/wp\/v2\/media?parent=1991"}],"curies":[{"name":"wp","href":"https:\/\/api.w.org\/{rel}","templated":true}]}}