{"id":1793,"date":"2022-12-10T18:22:25","date_gmt":"2022-12-11T00:22:25","guid":{"rendered":"http:\/\/skusamexico.net\/?page_id=1793"},"modified":"2025-05-13T12:49:27","modified_gmt":"2025-05-13T18:49:27","slug":"categorias","status":"publish","type":"page","link":"https:\/\/skusamexico.net\/en\/categorias\/","title":{"rendered":"Categories"},"content":{"rendered":"<div data-elementor-type=\"wp-page\" data-elementor-id=\"1793\" class=\"elementor elementor-1793\" data-elementor-post-type=\"page\">\n\t\t\t\t<div class=\"elementor-element elementor-element-e65be3c e-flex e-con-boxed e-con e-parent\" data-id=\"e65be3c\" data-element_type=\"container\" data-e-type=\"container\">\n\t\t\t\t\t<div class=\"e-con-inner\">\n\t\t\t\t<div class=\"elementor-element elementor-element-fd1ef3d elementor-widget elementor-widget-heading\" data-id=\"fd1ef3d\" data-element_type=\"widget\" data-e-type=\"widget\" data-widget_type=\"heading.default\">\n\t\t\t\t<div class=\"elementor-widget-container\">\n\t\t\t\t\t<h2 class=\"elementor-heading-title elementor-size-default\">CATEGORIES<\/h2>\t\t\t\t<\/div>\n\t\t\t\t<\/div>\n\t\t\t\t<div class=\"elementor-element elementor-element-00eeaad elementor-widget elementor-widget-text-editor\" data-id=\"00eeaad\" data-element_type=\"widget\" data-e-type=\"widget\" data-widget_type=\"text-editor.default\">\n\t\t\t\t<div class=\"elementor-widget-container\">\n\t\t\t\t\t\t\t\t\t<p style=\"text-align: center;\">The categories participating in the SKUSA Mexico championships are as follows:<\/p>\t\t\t\t\t\t\t\t<\/div>\n\t\t\t\t<\/div>\n\t\t<div class=\"elementor-element elementor-element-c8716d4 e-grid e-con-full e-con e-child\" data-id=\"c8716d4\" data-element_type=\"container\" data-e-type=\"container\">\n\t\t<div class=\"elementor-element elementor-element-e493e64 e-con-full e-flex e-con e-child\" data-id=\"e493e64\" data-element_type=\"container\" data-e-type=\"container\">\n\t\t<div class=\"elementor-element elementor-element-31d7732 e-con-full e-flex e-con e-child\" data-id=\"31d7732\" data-element_type=\"container\" data-e-type=\"container\" data-settings=\"{&quot;background_background&quot;:&quot;classic&quot;}\">\n\t\t\t\t<div class=\"elementor-element elementor-element-480d9d4 elementor-widget elementor-widget-heading\" data-id=\"480d9d4\" data-element_type=\"widget\" data-e-type=\"widget\" data-widget_type=\"heading.default\">\n\t\t\t\t<div class=\"elementor-widget-container\">\n\t\t\t\t\t<h4 class=\"elementor-heading-title elementor-size-default\">Baby<\/h4>\t\t\t\t<\/div>\n\t\t\t\t<\/div>\n\t\t\t\t<\/div>\n\t\t<div class=\"elementor-element elementor-element-20143e4 e-con-full e-flex e-con e-child\" data-id=\"20143e4\" data-element_type=\"container\" data-e-type=\"container\">\n\t\t\t\t<div class=\"elementor-element elementor-element-5795b78 elementor-widget elementor-widget-text-editor\" data-id=\"5795b78\" data-element_type=\"widget\" data-e-type=\"widget\" data-widget_type=\"text-editor.default\">\n\t\t\t\t<div class=\"elementor-widget-container\">\n\t\t\t\t\t\t\t\t\t<table cellpadding=\"0\" cellspacing=\"0\">\n<tbody>\n<tr>\n<th>Age:<\/th>\n<td>4 to 7 years<\/td>\n<\/tr>\n<tr>\n<th>Numeration:<\/th>\n<td>10-99<\/td>\n<\/tr>\n<tr>\n<th>Weight:<\/th>\n<td>70 kg<\/td>\n<\/tr>\n<tr>\n<th>Engine<\/th>\n<td>IAME M1\/COMER 50<\/td>\n<\/tr>\n<\/tbody>\n<\/table>\t\t\t\t\t\t\t\t<\/div>\n\t\t\t\t<\/div>\n\t\t\t\t<\/div>\n\t\t\t\t<\/div>\n\t\t<div class=\"elementor-element elementor-element-2b3ed3f e-con-full e-flex e-con e-child\" data-id=\"2b3ed3f\" data-element_type=\"container\" data-e-type=\"container\">\n\t\t<div class=\"elementor-element elementor-element-b9cec18 e-con-full e-flex e-con e-child\" data-id=\"b9cec18\" data-element_type=\"container\" data-e-type=\"container\" data-settings=\"{&quot;background_background&quot;:&quot;classic&quot;}\">\n\t\t\t\t<div class=\"elementor-element elementor-element-1710a4a elementor-widget elementor-widget-heading\" data-id=\"1710a4a\" data-element_type=\"widget\" data-e-type=\"widget\" data-widget_type=\"heading.default\">\n\t\t\t\t<div class=\"elementor-widget-container\">\n\t\t\t\t\t<h4 class=\"elementor-heading-title elementor-size-default\">Micro Swift<\/h4>\t\t\t\t<\/div>\n\t\t\t\t<\/div>\n\t\t\t\t<\/div>\n\t\t<div class=\"elementor-element elementor-element-edecf73 e-con-full e-flex e-con e-child\" data-id=\"edecf73\" data-element_type=\"container\" data-e-type=\"container\">\n\t\t\t\t<div class=\"elementor-element elementor-element-aeac798 elementor-widget elementor-widget-text-editor\" data-id=\"aeac798\" data-element_type=\"widget\" data-e-type=\"widget\" data-widget_type=\"text-editor.default\">\n\t\t\t\t<div class=\"elementor-widget-container\">\n\t\t\t\t\t\t\t\t\t<table cellspacing=\"0\" cellpadding=\"0\">\n<tbody>\n<tr>\n<th>Age:<\/th>\n<td>7 to 10 years<\/td>\n<\/tr>\n<tr>\n<th>Numeration:<\/th>\n<td>10-99<\/td>\n<\/tr>\n<tr>\n<th>Weight:<\/th>\n<td>100 kg<\/td>\n<\/tr>\n<tr>\n<th>Engine<\/th>\n<td>IAME Swift 60<\/td>\n<\/tr>\n<\/tbody>\n<\/table>\t\t\t\t\t\t\t\t<\/div>\n\t\t\t\t<\/div>\n\t\t\t\t<\/div>\n\t\t\t\t<\/div>\n\t\t<div class=\"elementor-element elementor-element-17d256f e-con-full e-flex e-con e-child\" data-id=\"17d256f\" data-element_type=\"container\" data-e-type=\"container\">\n\t\t<div class=\"elementor-element elementor-element-5f31fbf e-con-full e-flex e-con e-child\" data-id=\"5f31fbf\" data-element_type=\"container\" data-e-type=\"container\" data-settings=\"{&quot;background_background&quot;:&quot;classic&quot;}\">\n\t\t\t\t<div class=\"elementor-element elementor-element-27b1b36 elementor-widget elementor-widget-heading\" data-id=\"27b1b36\" data-element_type=\"widget\" data-e-type=\"widget\" data-widget_type=\"heading.default\">\n\t\t\t\t<div class=\"elementor-widget-container\">\n\t\t\t\t\t<h4 class=\"elementor-heading-title elementor-size-default\">Mini Swift<\/h4>\t\t\t\t<\/div>\n\t\t\t\t<\/div>\n\t\t\t\t<\/div>\n\t\t<div class=\"elementor-element elementor-element-a9f2615 e-con-full e-flex e-con e-child\" data-id=\"a9f2615\" data-element_type=\"container\" data-e-type=\"container\">\n\t\t\t\t<div class=\"elementor-element elementor-element-9a117fd elementor-widget elementor-widget-text-editor\" data-id=\"9a117fd\" data-element_type=\"widget\" data-e-type=\"widget\" data-widget_type=\"text-editor.default\">\n\t\t\t\t<div class=\"elementor-widget-container\">\n\t\t\t\t\t\t\t\t\t<table cellspacing=\"0\" cellpadding=\"0\">\n<tbody>\n<tr>\n<th>Age:<\/th>\n<td>9 a 13 a\u00f1os<\/td>\n<\/tr>\n<tr>\n<th>Numeration:<\/th>\n<td>100 &#8211; 199<\/td>\n<\/tr>\n<tr>\n<th>Weight:<\/th>\n<td>106 kg<\/td>\n<\/tr>\n<tr>\n<th>Engine<\/th>\n<td>IAME Swift 60<\/td>\n<\/tr>\n<\/tbody>\n<\/table>\t\t\t\t\t\t\t\t<\/div>\n\t\t\t\t<\/div>\n\t\t\t\t<\/div>\n\t\t\t\t<\/div>\n\t\t<div class=\"elementor-element elementor-element-5809889 e-con-full e-flex e-con e-child\" data-id=\"5809889\" data-element_type=\"container\" data-e-type=\"container\">\n\t\t<div class=\"elementor-element elementor-element-d66cd83 e-con-full e-flex e-con e-child\" data-id=\"d66cd83\" data-element_type=\"container\" data-e-type=\"container\" data-settings=\"{&quot;background_background&quot;:&quot;classic&quot;}\">\n\t\t\t\t<div class=\"elementor-element elementor-element-c1289b2 elementor-widget elementor-widget-heading\" data-id=\"c1289b2\" data-element_type=\"widget\" data-e-type=\"widget\" data-widget_type=\"heading.default\">\n\t\t\t\t<div class=\"elementor-widget-container\">\n\t\t\t\t\t<h4 class=\"elementor-heading-title elementor-size-default\">X30 Junior<\/h4>\t\t\t\t<\/div>\n\t\t\t\t<\/div>\n\t\t\t\t<\/div>\n\t\t<div class=\"elementor-element elementor-element-e807aa0 e-con-full e-flex e-con e-child\" data-id=\"e807aa0\" data-element_type=\"container\" data-e-type=\"container\">\n\t\t\t\t<div class=\"elementor-element elementor-element-9027a84 elementor-widget elementor-widget-text-editor\" data-id=\"9027a84\" data-element_type=\"widget\" data-e-type=\"widget\" data-widget_type=\"text-editor.default\">\n\t\t\t\t<div class=\"elementor-widget-container\">\n\t\t\t\t\t\t\t\t\t<table cellspacing=\"0\" cellpadding=\"0\">\n<tbody>\n<tr>\n<th>Age:<\/th>\n<td>12 to 15 years<\/td>\n<\/tr>\n<tr>\n<th>Numeration:<\/th>\n<td>700-799<\/td>\n<\/tr>\n<tr>\n<th>Weight:<\/th>\n<td>145 kg<\/td>\n<\/tr>\n<tr>\n<th>Engine<\/th>\n<td>IAME X30 125cc<\/td>\n<\/tr>\n<\/tbody>\n<\/table>\t\t\t\t\t\t\t\t<\/div>\n\t\t\t\t<\/div>\n\t\t\t\t<\/div>\n\t\t\t\t<\/div>\n\t\t<div class=\"elementor-element elementor-element-0238391 e-con-full e-flex e-con e-child\" data-id=\"0238391\" data-element_type=\"container\" data-e-type=\"container\">\n\t\t<div class=\"elementor-element elementor-element-9519d34 e-con-full e-flex e-con e-child\" data-id=\"9519d34\" data-element_type=\"container\" data-e-type=\"container\" data-settings=\"{&quot;background_background&quot;:&quot;classic&quot;}\">\n\t\t\t\t<div class=\"elementor-element elementor-element-087822b elementor-widget elementor-widget-heading\" data-id=\"087822b\" data-element_type=\"widget\" data-e-type=\"widget\" data-widget_type=\"heading.default\">\n\t\t\t\t<div class=\"elementor-widget-container\">\n\t\t\t\t\t<h4 class=\"elementor-heading-title elementor-size-default\">X30 Senior<\/h4>\t\t\t\t<\/div>\n\t\t\t\t<\/div>\n\t\t\t\t<\/div>\n\t\t<div class=\"elementor-element elementor-element-287f580 e-con-full e-flex e-con e-child\" data-id=\"287f580\" data-element_type=\"container\" data-e-type=\"container\">\n\t\t\t\t<div class=\"elementor-element elementor-element-ba8966b elementor-widget elementor-widget-text-editor\" data-id=\"ba8966b\" data-element_type=\"widget\" data-e-type=\"widget\" data-widget_type=\"text-editor.default\">\n\t\t\t\t<div class=\"elementor-widget-container\">\n\t\t\t\t\t\t\t\t\t<table cellspacing=\"0\" cellpadding=\"0\">\n<tbody>\n<tr>\n<th>Age:<\/th>\n<td>15 years and older<\/td>\n<\/tr>\n<tr>\n<th>Numeration:<\/th>\n<td>300 \u2013 399<\/td>\n<\/tr>\n<tr>\n<th>Weight:<\/th>\n<td>160 kg<\/td>\n<\/tr>\n<tr>\n<th>Engine<\/th>\n<td>IAME X30 125cc<\/td>\n<\/tr>\n<\/tbody>\n<\/table>\t\t\t\t\t\t\t\t<\/div>\n\t\t\t\t<\/div>\n\t\t\t\t<\/div>\n\t\t\t\t<\/div>\n\t\t<div class=\"elementor-element elementor-element-857dfe7 e-con-full e-flex e-con e-child\" data-id=\"857dfe7\" data-element_type=\"container\" data-e-type=\"container\">\n\t\t<div class=\"elementor-element elementor-element-1750758 e-con-full e-flex e-con e-child\" data-id=\"1750758\" data-element_type=\"container\" data-e-type=\"container\" data-settings=\"{&quot;background_background&quot;:&quot;classic&quot;}\">\n\t\t\t\t<div class=\"elementor-element elementor-element-d2d71ee elementor-widget elementor-widget-heading\" data-id=\"d2d71ee\" data-element_type=\"widget\" data-e-type=\"widget\" data-widget_type=\"heading.default\">\n\t\t\t\t<div class=\"elementor-widget-container\">\n\t\t\t\t\t<h4 class=\"elementor-heading-title elementor-size-default\">X30 Master<\/h4>\t\t\t\t<\/div>\n\t\t\t\t<\/div>\n\t\t\t\t<\/div>\n\t\t<div class=\"elementor-element elementor-element-8b6ca11 e-con-full e-flex e-con e-child\" data-id=\"8b6ca11\" data-element_type=\"container\" data-e-type=\"container\">\n\t\t\t\t<div class=\"elementor-element elementor-element-222a443 elementor-widget elementor-widget-text-editor\" data-id=\"222a443\" data-element_type=\"widget\" data-e-type=\"widget\" data-widget_type=\"text-editor.default\">\n\t\t\t\t<div class=\"elementor-widget-container\">\n\t\t\t\t\t\t\t\t\t<table cellspacing=\"0\" cellpadding=\"0\">\n<tbody>\n<tr>\n<th>Age:<\/th>\n<td>30 years and older<\/td>\n<\/tr>\n<tr>\n<th>Numeration:<\/th>\n<td>500 \u2013 599<\/td>\n<\/tr>\n<tr>\n<th>Weight:<\/th>\n<td>170 kg<\/td>\n<\/tr>\n<tr>\n<th>Engine<\/th>\n<td>IAME X30 125cc<\/td>\n<\/tr>\n<\/tbody>\n<\/table>\t\t\t\t\t\t\t\t<\/div>\n\t\t\t\t<\/div>\n\t\t\t\t<\/div>\n\t\t\t\t<\/div>\n\t\t<div class=\"elementor-element elementor-element-edde66f e-con-full e-flex e-con e-child\" data-id=\"edde66f\" data-element_type=\"container\" data-e-type=\"container\">\n\t\t<div class=\"elementor-element elementor-element-230281d e-con-full e-flex e-con e-child\" data-id=\"230281d\" data-element_type=\"container\" data-e-type=\"container\" data-settings=\"{&quot;background_background&quot;:&quot;classic&quot;}\">\n\t\t\t\t<div class=\"elementor-element elementor-element-da75bf4 elementor-widget elementor-widget-heading\" data-id=\"da75bf4\" data-element_type=\"widget\" data-e-type=\"widget\" data-widget_type=\"heading.default\">\n\t\t\t\t<div class=\"elementor-widget-container\">\n\t\t\t\t\t<h4 class=\"elementor-heading-title elementor-size-default\">KZ 1<\/h4>\t\t\t\t<\/div>\n\t\t\t\t<\/div>\n\t\t\t\t<\/div>\n\t\t<div class=\"elementor-element elementor-element-ce6d9f8 e-con-full e-flex e-con e-child\" data-id=\"ce6d9f8\" data-element_type=\"container\" data-e-type=\"container\">\n\t\t\t\t<div class=\"elementor-element elementor-element-2663132 elementor-widget elementor-widget-text-editor\" data-id=\"2663132\" data-element_type=\"widget\" data-e-type=\"widget\" data-widget_type=\"text-editor.default\">\n\t\t\t\t<div class=\"elementor-widget-container\">\n\t\t\t\t\t\t\t\t\t<table cellspacing=\"0\" cellpadding=\"0\">\n<tbody>\n<tr>\n<th>Age:<\/th>\n<td>15 years and older<\/td>\n<\/tr>\n<tr>\n<th>Numeration:<\/th>\n<td>400-499<\/td>\n<\/tr>\n<tr>\n<th>Weight:<\/th>\n<td>180 kg<\/td>\n<\/tr>\n<tr>\n<th>Engine<\/th>\n<td>KZ 125cc \/ 175sse \/ HONDA<\/td>\n<\/tr>\n<\/tbody>\n<\/table>\t\t\t\t\t\t\t\t<\/div>\n\t\t\t\t<\/div>\n\t\t\t\t<\/div>\n\t\t\t\t<\/div>\n\t\t<div class=\"elementor-element elementor-element-ecfe3cb e-con-full e-flex e-con e-child\" data-id=\"ecfe3cb\" data-element_type=\"container\" data-e-type=\"container\">\n\t\t<div class=\"elementor-element elementor-element-7be89b6 e-con-full e-flex e-con e-child\" data-id=\"7be89b6\" data-element_type=\"container\" data-e-type=\"container\" data-settings=\"{&quot;background_background&quot;:&quot;classic&quot;}\">\n\t\t\t\t<div class=\"elementor-element elementor-element-67373b9 elementor-widget elementor-widget-heading\" data-id=\"67373b9\" data-element_type=\"widget\" data-e-type=\"widget\" data-widget_type=\"heading.default\">\n\t\t\t\t<div class=\"elementor-widget-container\">\n\t\t\t\t\t<h4 class=\"elementor-heading-title elementor-size-default\">KZ 4<\/h4>\t\t\t\t<\/div>\n\t\t\t\t<\/div>\n\t\t\t\t<\/div>\n\t\t<div class=\"elementor-element elementor-element-7b3ba09 e-con-full e-flex e-con e-child\" data-id=\"7b3ba09\" data-element_type=\"container\" data-e-type=\"container\">\n\t\t\t\t<div class=\"elementor-element elementor-element-4ccffe4 elementor-widget elementor-widget-text-editor\" data-id=\"4ccffe4\" data-element_type=\"widget\" data-e-type=\"widget\" data-widget_type=\"text-editor.default\">\n\t\t\t\t<div class=\"elementor-widget-container\">\n\t\t\t\t\t\t\t\t\t<table cellspacing=\"0\" cellpadding=\"0\">\n<tbody>\n<tr>\n<th>Age:<\/th>\n<td>30 years and older<\/td>\n<\/tr>\n<tr>\n<th>Numeration:<\/th>\n<td>900-999<\/td>\n<\/tr>\n<tr>\n<th>Weight:<\/th>\n<td>180 kg<\/td>\n<\/tr>\n<tr>\n<th>Engine<\/th>\n<td>KZ 125cc \/ 175sse \/ HONDA<\/td>\n<\/tr>\n<\/tbody>\n<\/table>\t\t\t\t\t\t\t\t<\/div>\n\t\t\t\t<\/div>\n\t\t\t\t<\/div>\n\t\t\t\t<\/div>\n\t\t\t\t<\/div>\n\t\t\t\t\t<\/div>\n\t\t\t\t<\/div>\n\t\t\t\t<\/div>","protected":false},"excerpt":{"rendered":"<p>CATEGOR\u00cdAS Las Categor\u00edas que participan para los campeonatos de SKUSA M\u00c9XICO ser\u00e1n las siguientes. Baby Edad: 4 a 7 a\u00f1os Numeraci\u00f3n: 10-99 Pesos: 70 kg Motor IAME M1\/COMER 50 Micro Swift Edad: 7 a 10 a\u00f1os Numeraci\u00f3n: 10-99 Pesos: 100 kg Motor IAME Swift 60 Mini Swift Edad: 9 a 13 a\u00f1os Numeraci\u00f3n: 100 &#8211; [&hellip;]<\/p>\n","protected":false},"author":2,"featured_media":0,"parent":0,"menu_order":0,"comment_status":"closed","ping_status":"closed","template":"","meta":{"_monsterinsights_skip_tracking":false,"_monsterinsights_sitenote_active":false,"_monsterinsights_sitenote_note":"","_monsterinsights_sitenote_category":0,"footnotes":""},"class_list":["post-1793","page","type-page","status-publish","hentry"],"_links":{"self":[{"href":"https:\/\/skusamexico.net\/en\/wp-json\/wp\/v2\/pages\/1793","targetHints":{"allow":["GET"]}}],"collection":[{"href":"https:\/\/skusamexico.net\/en\/wp-json\/wp\/v2\/pages"}],"about":[{"href":"https:\/\/skusamexico.net\/en\/wp-json\/wp\/v2\/types\/page"}],"author":[{"embeddable":true,"href":"https:\/\/skusamexico.net\/en\/wp-json\/wp\/v2\/users\/2"}],"replies":[{"embeddable":true,"href":"https:\/\/skusamexico.net\/en\/wp-json\/wp\/v2\/comments?post=1793"}],"version-history":[{"count":91,"href":"https:\/\/skusamexico.net\/en\/wp-json\/wp\/v2\/pages\/1793\/revisions"}],"predecessor-version":[{"id":7124,"href":"https:\/\/skusamexico.net\/en\/wp-json\/wp\/v2\/pages\/1793\/revisions\/7124"}],"wp:attachment":[{"href":"https:\/\/skusamexico.net\/en\/wp-json\/wp\/v2\/media?parent=1793"}],"curies":[{"name":"wp","href":"https:\/\/api.w.org\/{rel}","templated":true}]}}