{"id":1754,"date":"2022-12-10T17:49:51","date_gmt":"2022-12-10T23:49:51","guid":{"rendered":"http:\/\/skusamexico.net\/?page_id=1754"},"modified":"2025-07-22T13:48:04","modified_gmt":"2025-07-22T19:48:04","slug":"noticias","status":"publish","type":"page","link":"https:\/\/skusamexico.net\/en\/noticias\/","title":{"rendered":"Announcements"},"content":{"rendered":"<div data-elementor-type=\"wp-page\" data-elementor-id=\"1754\" class=\"elementor elementor-1754\" data-elementor-post-type=\"page\">\n\t\t\t\t<div class=\"elementor-element elementor-element-bab75d5 e-flex e-con-boxed e-con e-parent\" data-id=\"bab75d5\" data-element_type=\"container\" data-e-type=\"container\">\n\t\t\t\t\t<div class=\"e-con-inner\">\n\t\t\t\t<div class=\"elementor-element elementor-element-cad042d elementor-widget elementor-widget-heading\" data-id=\"cad042d\" data-element_type=\"widget\" data-e-type=\"widget\" data-widget_type=\"heading.default\">\n\t\t\t\t<div class=\"elementor-widget-container\">\n\t\t\t\t\t<h1 class=\"elementor-heading-title elementor-size-default\">ANNOUNCEMENTS<\/h1>\t\t\t\t<\/div>\n\t\t\t\t<\/div>\n\t\t<div class=\"elementor-element elementor-element-f55b044 e-con-full e-flex e-con e-child\" data-id=\"f55b044\" data-element_type=\"container\" data-e-type=\"container\">\n\t\t\t\t<div class=\"elementor-element elementor-element-cbec5d8 elementor-widget elementor-widget-heading\" data-id=\"cbec5d8\" data-element_type=\"widget\" data-e-type=\"widget\" data-widget_type=\"heading.default\">\n\t\t\t\t<div class=\"elementor-widget-container\">\n\t\t\t\t\t<h2 class=\"elementor-heading-title elementor-size-default\">2025<\/h2>\t\t\t\t<\/div>\n\t\t\t\t<\/div>\n\t\t\t\t<div class=\"elementor-element elementor-element-dd9d081 elementor-grid-3 elementor-grid-tablet-2 elementor-grid-mobile-1 elementor-posts--thumbnail-top elementor-card-shadow-yes elementor-posts__hover-gradient elementor-widget elementor-widget-posts\" data-id=\"dd9d081\" data-element_type=\"widget\" data-e-type=\"widget\" data-settings=\"{&quot;cards_columns&quot;:&quot;3&quot;,&quot;cards_columns_tablet&quot;:&quot;2&quot;,&quot;cards_columns_mobile&quot;:&quot;1&quot;,&quot;cards_row_gap&quot;:{&quot;unit&quot;:&quot;px&quot;,&quot;size&quot;:35,&quot;sizes&quot;:[]},&quot;cards_row_gap_tablet&quot;:{&quot;unit&quot;:&quot;px&quot;,&quot;size&quot;:&quot;&quot;,&quot;sizes&quot;:[]},&quot;cards_row_gap_mobile&quot;:{&quot;unit&quot;:&quot;px&quot;,&quot;size&quot;:&quot;&quot;,&quot;sizes&quot;:[]}}\" data-widget_type=\"posts.cards\">\n\t\t\t\t<div class=\"elementor-widget-container\">\n\t\t\t\t\t\t\t<div class=\"elementor-posts-container elementor-posts elementor-posts--skin-cards elementor-grid\" role=\"list\">\n\t\t\t\t<article class=\"elementor-post elementor-grid-item post-7479 post type-post status-publish format-standard has-post-thumbnail hentry category-homepage category-prokart\" role=\"listitem\">\n\t\t\t<div class=\"elementor-post__card\">\n\t\t\t\t<a class=\"elementor-post__thumbnail__link\" href=\"https:\/\/skusamexico.net\/en\/importante-actualizacion-al-reglamento-tecnico-deportivo\/\" tabindex=\"-1\" target=\"_blank\"><div class=\"elementor-post__thumbnail\"><img fetchpriority=\"high\" decoding=\"async\" width=\"300\" height=\"169\" src=\"https:\/\/skusamexico.net\/wp-content\/uploads\/2024\/10\/2-300x169.png\" class=\"attachment-medium size-medium wp-image-4889\" alt=\"\" srcset=\"https:\/\/skusamexico.net\/wp-content\/uploads\/2024\/10\/2-300x169.png 300w, https:\/\/skusamexico.net\/wp-content\/uploads\/2024\/10\/2-1024x576.png 1024w, https:\/\/skusamexico.net\/wp-content\/uploads\/2024\/10\/2-768x432.png 768w, https:\/\/skusamexico.net\/wp-content\/uploads\/2024\/10\/2-1536x864.png 1536w, https:\/\/skusamexico.net\/wp-content\/uploads\/2024\/10\/2-18x10.png 18w, https:\/\/skusamexico.net\/wp-content\/uploads\/2024\/10\/2.png 1920w\" sizes=\"(max-width: 300px) 100vw, 300px\" \/><\/div><\/a>\n\t\t\t\t<div class=\"elementor-post__text\">\n\t\t\t\t<h3 class=\"elementor-post__title\">\n\t\t\t<a href=\"https:\/\/skusamexico.net\/en\/importante-actualizacion-al-reglamento-tecnico-deportivo\/\" target=\"&quot;_blank&quot;\">\n\t\t\t\tImportante actualizaci\u00f3n al reglamento T\u00e9cnico-Deportivo\t\t\t<\/a>\n\t\t<\/h3>\n\t\t\t\t<div class=\"elementor-post__excerpt\">\n\t\t\t<p>A todos los Pilotos y Preparadores&#8230;<\/p>\t\t<\/div>\n\t\t\n\t\t<a class=\"elementor-post__read-more\" href=\"https:\/\/skusamexico.net\/en\/importante-actualizacion-al-reglamento-tecnico-deportivo\/\" aria-label=\"Read more about Importante actualizaci\u00f3n al reglamento T\u00e9cnico-Deportivo\" tabindex=\"-1\" target=\"_blank\">\n\t\t\tLeer m\u00e1s \u00bb\t\t<\/a>\n\n\t\t\t\t<\/div>\n\t\t\t\t<div class=\"elementor-post__meta-data\">\n\t\t\t\t\t<span class=\"elementor-post-date\">\n\t\t\tJune 30, 2025\t\t<\/span>\n\t\t\t\t<\/div>\n\t\t\t\t\t<\/div>\n\t\t<\/article>\n\t\t\t\t<article class=\"elementor-post elementor-grid-item post-6228 post type-post status-publish format-standard has-post-thumbnail hentry category-homepage\" role=\"listitem\">\n\t\t\t<div class=\"elementor-post__card\">\n\t\t\t\t<a class=\"elementor-post__thumbnail__link\" href=\"https:\/\/skusamexico.net\/en\/pilotos-kz1-y-kz4\/\" tabindex=\"-1\" target=\"_blank\"><div class=\"elementor-post__thumbnail\"><img fetchpriority=\"high\" decoding=\"async\" width=\"300\" height=\"169\" src=\"https:\/\/skusamexico.net\/wp-content\/uploads\/2024\/10\/2-300x169.png\" class=\"attachment-medium size-medium wp-image-4889\" alt=\"\" srcset=\"https:\/\/skusamexico.net\/wp-content\/uploads\/2024\/10\/2-300x169.png 300w, https:\/\/skusamexico.net\/wp-content\/uploads\/2024\/10\/2-1024x576.png 1024w, https:\/\/skusamexico.net\/wp-content\/uploads\/2024\/10\/2-768x432.png 768w, https:\/\/skusamexico.net\/wp-content\/uploads\/2024\/10\/2-1536x864.png 1536w, https:\/\/skusamexico.net\/wp-content\/uploads\/2024\/10\/2-18x10.png 18w, https:\/\/skusamexico.net\/wp-content\/uploads\/2024\/10\/2.png 1920w\" sizes=\"(max-width: 300px) 100vw, 300px\" \/><\/div><\/a>\n\t\t\t\t<div class=\"elementor-post__text\">\n\t\t\t\t<h3 class=\"elementor-post__title\">\n\t\t\t<a href=\"https:\/\/skusamexico.net\/en\/pilotos-kz1-y-kz4\/\" target=\"&quot;_blank&quot;\">\n\t\t\t\tKZ1 and KZ4 Drivers\t\t\t<\/a>\n\t\t<\/h3>\n\t\t\t\t<div class=\"elementor-post__excerpt\">\n\t\t\t<p>Por Invitaci\u00f3n temporada 2025, SKUSA Mexico.<\/p> <p>KZ 125\/175 sse\/ TM M1 \/ HONDA 125<\/p> <p>Weight: 180KG<\/p>\t\t<\/div>\n\t\t\n\t\t<a class=\"elementor-post__read-more\" href=\"https:\/\/skusamexico.net\/en\/pilotos-kz1-y-kz4\/\" aria-label=\"Read more about Pilotos KZ1 y KZ4\" tabindex=\"-1\" target=\"_blank\">\n\t\t\tLeer m\u00e1s \u00bb\t\t<\/a>\n\n\t\t\t\t<\/div>\n\t\t\t\t<div class=\"elementor-post__meta-data\">\n\t\t\t\t\t<span class=\"elementor-post-date\">\n\t\t\tFebruary 16, 2025\t\t<\/span>\n\t\t\t\t<\/div>\n\t\t\t\t\t<\/div>\n\t\t<\/article>\n\t\t\t\t<\/div>\n\t\t\n\t\t\t\t\t\t<\/div>\n\t\t\t\t<\/div>\n\t\t\t\t<\/div>\n\t\t<div class=\"elementor-element elementor-element-de151d1 e-con-full e-flex e-con e-child\" data-id=\"de151d1\" data-element_type=\"container\" data-e-type=\"container\">\n\t\t\t\t<div class=\"elementor-element elementor-element-3c32411 elementor-widget elementor-widget-heading\" data-id=\"3c32411\" data-element_type=\"widget\" data-e-type=\"widget\" data-widget_type=\"heading.default\">\n\t\t\t\t<div class=\"elementor-widget-container\">\n\t\t\t\t\t<h2 class=\"elementor-heading-title elementor-size-default\">2024<\/h2>\t\t\t\t<\/div>\n\t\t\t\t<\/div>\n\t\t\t\t<div class=\"elementor-element elementor-element-ee62fc1 elementor-grid-3 elementor-grid-tablet-2 elementor-grid-mobile-1 elementor-posts--thumbnail-top elementor-card-shadow-yes elementor-posts__hover-gradient elementor-widget elementor-widget-posts\" data-id=\"ee62fc1\" data-element_type=\"widget\" data-e-type=\"widget\" data-settings=\"{&quot;cards_columns&quot;:&quot;3&quot;,&quot;cards_columns_tablet&quot;:&quot;2&quot;,&quot;cards_columns_mobile&quot;:&quot;1&quot;,&quot;cards_row_gap&quot;:{&quot;unit&quot;:&quot;px&quot;,&quot;size&quot;:35,&quot;sizes&quot;:[]},&quot;cards_row_gap_tablet&quot;:{&quot;unit&quot;:&quot;px&quot;,&quot;size&quot;:&quot;&quot;,&quot;sizes&quot;:[]},&quot;cards_row_gap_mobile&quot;:{&quot;unit&quot;:&quot;px&quot;,&quot;size&quot;:&quot;&quot;,&quot;sizes&quot;:[]}}\" data-widget_type=\"posts.cards\">\n\t\t\t\t<div class=\"elementor-widget-container\">\n\t\t\t\t\t\t\t<div class=\"elementor-posts-container elementor-posts elementor-posts--skin-cards elementor-grid\" role=\"list\">\n\t\t\t\t<article class=\"elementor-post elementor-grid-item post-7539 post type-post status-publish format-standard has-post-thumbnail hentry category-iame-series\" role=\"listitem\">\n\t\t\t<div class=\"elementor-post__card\">\n\t\t\t\t<a class=\"elementor-post__thumbnail__link\" href=\"https:\/\/skusamexico.net\/en\/iame-series-mexico-2024-llega-por-primera-vez-de-la-mano-de-skusa-mexico\/\" tabindex=\"-1\" target=\"_blank\"><div class=\"elementor-post__thumbnail\"><img decoding=\"async\" width=\"300\" height=\"169\" src=\"https:\/\/skusamexico.net\/wp-content\/uploads\/2024\/10\/1-300x169.png\" class=\"attachment-medium size-medium wp-image-4891\" alt=\"\" srcset=\"https:\/\/skusamexico.net\/wp-content\/uploads\/2024\/10\/1-300x169.png 300w, https:\/\/skusamexico.net\/wp-content\/uploads\/2024\/10\/1-1024x576.png 1024w, https:\/\/skusamexico.net\/wp-content\/uploads\/2024\/10\/1-768x432.png 768w, https:\/\/skusamexico.net\/wp-content\/uploads\/2024\/10\/1-1536x864.png 1536w, https:\/\/skusamexico.net\/wp-content\/uploads\/2024\/10\/1-18x10.png 18w, https:\/\/skusamexico.net\/wp-content\/uploads\/2024\/10\/1.png 1920w\" sizes=\"(max-width: 300px) 100vw, 300px\" \/><\/div><\/a>\n\t\t\t\t<div class=\"elementor-post__text\">\n\t\t\t\t<h3 class=\"elementor-post__title\">\n\t\t\t<a href=\"https:\/\/skusamexico.net\/en\/iame-series-mexico-2024-llega-por-primera-vez-de-la-mano-de-skusa-mexico\/\" target=\"&quot;_blank&quot;\">\n\t\t\t\tIAME Series Mexico 2024 arrives for the first time, brought to you by SKUSA Mexico.\t\t\t<\/a>\n\t\t<\/h3>\n\t\t\t\t<div class=\"elementor-post__excerpt\">\n\t\t\t<p>IAME Series M\u00e9xico 2024 llega por primera vez de la mano de SKUSA M\u00e9xico El mundo del karting en M\u00e9xico est\u00e1 a punto de presenciar<\/p>\n\t\t<\/div>\n\t\t\n\t\t<a class=\"elementor-post__read-more\" href=\"https:\/\/skusamexico.net\/en\/iame-series-mexico-2024-llega-por-primera-vez-de-la-mano-de-skusa-mexico\/\" aria-label=\"Read more about IAME Series M\u00e9xico 2024 llega por primera vez de la mano de SKUSA M\u00e9xico\" tabindex=\"-1\" target=\"_blank\">\n\t\t\tLeer m\u00e1s \u00bb\t\t<\/a>\n\n\t\t\t\t<\/div>\n\t\t\t\t<div class=\"elementor-post__meta-data\">\n\t\t\t\t\t<span class=\"elementor-post-date\">\n\t\t\tOctober 18, 2024\t\t<\/span>\n\t\t\t\t<\/div>\n\t\t\t\t\t<\/div>\n\t\t<\/article>\n\t\t\t\t<article class=\"elementor-post elementor-grid-item post-4241 post type-post status-publish format-standard has-post-thumbnail hentry category-campeonatos-2023 category-homepage\" role=\"listitem\">\n\t\t\t<div class=\"elementor-post__card\">\n\t\t\t\t<a class=\"elementor-post__thumbnail__link\" href=\"https:\/\/skusamexico.net\/en\/comunicacdo\/\" tabindex=\"-1\" target=\"_blank\"><div class=\"elementor-post__thumbnail\"><img fetchpriority=\"high\" decoding=\"async\" width=\"300\" height=\"169\" src=\"https:\/\/skusamexico.net\/wp-content\/uploads\/2024\/10\/2-300x169.png\" class=\"attachment-medium size-medium wp-image-4889\" alt=\"\" srcset=\"https:\/\/skusamexico.net\/wp-content\/uploads\/2024\/10\/2-300x169.png 300w, https:\/\/skusamexico.net\/wp-content\/uploads\/2024\/10\/2-1024x576.png 1024w, https:\/\/skusamexico.net\/wp-content\/uploads\/2024\/10\/2-768x432.png 768w, https:\/\/skusamexico.net\/wp-content\/uploads\/2024\/10\/2-1536x864.png 1536w, https:\/\/skusamexico.net\/wp-content\/uploads\/2024\/10\/2-18x10.png 18w, https:\/\/skusamexico.net\/wp-content\/uploads\/2024\/10\/2.png 1920w\" sizes=\"(max-width: 300px) 100vw, 300px\" \/><\/div><\/a>\n\t\t\t\t<div class=\"elementor-post__text\">\n\t\t\t\t<h3 class=\"elementor-post__title\">\n\t\t\t<a href=\"https:\/\/skusamexico.net\/en\/comunicacdo\/\" target=\"&quot;_blank&quot;\">\n\t\t\t\tBaby Category 2024 Announcement\t\t\t<\/a>\n\t\t<\/h3>\n\t\t\t\t<div class=\"elementor-post__excerpt\">\n\t\t\t<p>Change in Fuel Mixture<\/p> <p>Se les comunica a todos los padres, preparadores y jefes de equipo que, a partir del Round 9 y\t\t<\/div>\n\t\t\n\t\t<a class=\"elementor-post__read-more\" href=\"https:\/\/skusamexico.net\/en\/comunicacdo\/\" aria-label=\"Read more about Comunicado Categor\u00eda Baby 2024\" tabindex=\"-1\" target=\"_blank\">\n\t\t\tLeer m\u00e1s \u00bb\t\t<\/a>\n\n\t\t\t\t<\/div>\n\t\t\t\t<div class=\"elementor-post__meta-data\">\n\t\t\t\t\t<span class=\"elementor-post-date\">\n\t\t\tAugust 29, 2024\t\t<\/span>\n\t\t\t\t<\/div>\n\t\t\t\t\t<\/div>\n\t\t<\/article>\n\t\t\t\t<article class=\"elementor-post elementor-grid-item post-4034 post type-post status-publish format-standard has-post-thumbnail hentry category-campeonatos-2023\" role=\"listitem\">\n\t\t\t<div class=\"elementor-post__card\">\n\t\t\t\t<a class=\"elementor-post__thumbnail__link\" href=\"https:\/\/skusamexico.net\/en\/4034-2\/\" tabindex=\"-1\" target=\"_blank\"><div class=\"elementor-post__thumbnail\"><img fetchpriority=\"high\" decoding=\"async\" width=\"300\" height=\"169\" src=\"https:\/\/skusamexico.net\/wp-content\/uploads\/2024\/10\/2-300x169.png\" class=\"attachment-medium size-medium wp-image-4889\" alt=\"\" srcset=\"https:\/\/skusamexico.net\/wp-content\/uploads\/2024\/10\/2-300x169.png 300w, https:\/\/skusamexico.net\/wp-content\/uploads\/2024\/10\/2-1024x576.png 1024w, https:\/\/skusamexico.net\/wp-content\/uploads\/2024\/10\/2-768x432.png 768w, https:\/\/skusamexico.net\/wp-content\/uploads\/2024\/10\/2-1536x864.png 1536w, https:\/\/skusamexico.net\/wp-content\/uploads\/2024\/10\/2-18x10.png 18w, https:\/\/skusamexico.net\/wp-content\/uploads\/2024\/10\/2.png 1920w\" sizes=\"(max-width: 300px) 100vw, 300px\" \/><\/div><\/a>\n\t\t\t\t<div class=\"elementor-post__text\">\n\t\t\t\t<h3 class=\"elementor-post__title\">\n\t\t\t<a href=\"https:\/\/skusamexico.net\/en\/4034-2\/\" target=\"&quot;_blank&quot;\">\n\t\t\t\tTraining Tires Announcement\t\t\t<\/a>\n\t\t<\/h3>\n\t\t\t\t<div class=\"elementor-post__excerpt\">\n\t\t\t\t\t<\/div>\n\t\t\n\t\t<a class=\"elementor-post__read-more\" href=\"https:\/\/skusamexico.net\/en\/4034-2\/\" aria-label=\"Read more about Comunicado Llantas de Entrenamiento\" tabindex=\"-1\" target=\"_blank\">\n\t\t\tLeer m\u00e1s \u00bb\t\t<\/a>\n\n\t\t\t\t<\/div>\n\t\t\t\t<div class=\"elementor-post__meta-data\">\n\t\t\t\t\t<span class=\"elementor-post-date\">\n\t\t\tMay 9, 2024\t\t<\/span>\n\t\t\t\t<\/div>\n\t\t\t\t\t<\/div>\n\t\t<\/article>\n\t\t\t\t<\/div>\n\t\t\n\t\t\t\t\t\t<\/div>\n\t\t\t\t<\/div>\n\t\t\t\t<\/div>\n\t\t<div class=\"elementor-element elementor-element-aad9598 e-con-full e-flex e-con e-child\" data-id=\"aad9598\" data-element_type=\"container\" data-e-type=\"container\">\n\t\t\t\t<div class=\"elementor-element elementor-element-d6643b2 elementor-widget elementor-widget-heading\" data-id=\"d6643b2\" data-element_type=\"widget\" data-e-type=\"widget\" data-widget_type=\"heading.default\">\n\t\t\t\t<div class=\"elementor-widget-container\">\n\t\t\t\t\t<h2 class=\"elementor-heading-title elementor-size-default\">2023<\/h2>\t\t\t\t<\/div>\n\t\t\t\t<\/div>\n\t\t\t\t<div class=\"elementor-element elementor-element-6544fb1 elementor-grid-3 elementor-grid-tablet-2 elementor-grid-mobile-1 elementor-posts--thumbnail-top elementor-card-shadow-yes elementor-posts__hover-gradient elementor-widget elementor-widget-posts\" data-id=\"6544fb1\" data-element_type=\"widget\" data-e-type=\"widget\" data-settings=\"{&quot;cards_columns&quot;:&quot;3&quot;,&quot;cards_columns_tablet&quot;:&quot;2&quot;,&quot;cards_columns_mobile&quot;:&quot;1&quot;,&quot;cards_row_gap&quot;:{&quot;unit&quot;:&quot;px&quot;,&quot;size&quot;:35,&quot;sizes&quot;:[]},&quot;cards_row_gap_tablet&quot;:{&quot;unit&quot;:&quot;px&quot;,&quot;size&quot;:&quot;&quot;,&quot;sizes&quot;:[]},&quot;cards_row_gap_mobile&quot;:{&quot;unit&quot;:&quot;px&quot;,&quot;size&quot;:&quot;&quot;,&quot;sizes&quot;:[]}}\" data-widget_type=\"posts.cards\">\n\t\t\t\t<div class=\"elementor-widget-container\">\n\t\t\t\t\t\t\t<div class=\"elementor-posts-container elementor-posts elementor-posts--skin-cards elementor-grid\" role=\"list\">\n\t\t\t\t<article class=\"elementor-post elementor-grid-item post-3231 post type-post status-publish format-standard has-post-thumbnail hentry category-campeonatos-2023\" role=\"listitem\">\n\t\t\t<div class=\"elementor-post__card\">\n\t\t\t\t<a class=\"elementor-post__thumbnail__link\" href=\"https:\/\/skusamexico.net\/en\/comunicado-reglamento\/\" tabindex=\"-1\" target=\"_blank\"><div class=\"elementor-post__thumbnail\"><img fetchpriority=\"high\" decoding=\"async\" width=\"300\" height=\"169\" src=\"https:\/\/skusamexico.net\/wp-content\/uploads\/2024\/10\/2-300x169.png\" class=\"attachment-medium size-medium wp-image-4889\" alt=\"\" srcset=\"https:\/\/skusamexico.net\/wp-content\/uploads\/2024\/10\/2-300x169.png 300w, https:\/\/skusamexico.net\/wp-content\/uploads\/2024\/10\/2-1024x576.png 1024w, https:\/\/skusamexico.net\/wp-content\/uploads\/2024\/10\/2-768x432.png 768w, https:\/\/skusamexico.net\/wp-content\/uploads\/2024\/10\/2-1536x864.png 1536w, https:\/\/skusamexico.net\/wp-content\/uploads\/2024\/10\/2-18x10.png 18w, https:\/\/skusamexico.net\/wp-content\/uploads\/2024\/10\/2.png 1920w\" sizes=\"(max-width: 300px) 100vw, 300px\" \/><\/div><\/a>\n\t\t\t\t<div class=\"elementor-post__text\">\n\t\t\t\t<h3 class=\"elementor-post__title\">\n\t\t\t<a href=\"https:\/\/skusamexico.net\/en\/comunicado-reglamento\/\" target=\"&quot;_blank&quot;\">\n\t\t\t\tRegulations Announcement\t\t\t<\/a>\n\t\t<\/h3>\n\t\t\t\t<div class=\"elementor-post__excerpt\">\n\t\t\t\t\t<\/div>\n\t\t\n\t\t<a class=\"elementor-post__read-more\" href=\"https:\/\/skusamexico.net\/en\/comunicado-reglamento\/\" aria-label=\"Read more about Comunicado Reglamento\" tabindex=\"-1\" target=\"_blank\">\n\t\t\tLeer m\u00e1s \u00bb\t\t<\/a>\n\n\t\t\t\t<\/div>\n\t\t\t\t<div class=\"elementor-post__meta-data\">\n\t\t\t\t\t<span class=\"elementor-post-date\">\n\t\t\tJune 21, 2023\t\t<\/span>\n\t\t\t\t<\/div>\n\t\t\t\t\t<\/div>\n\t\t<\/article>\n\t\t\t\t<article class=\"elementor-post elementor-grid-item post-2436 post type-post status-publish format-standard has-post-thumbnail hentry category-protour\" role=\"listitem\">\n\t\t\t<div class=\"elementor-post__card\">\n\t\t\t\t<a class=\"elementor-post__thumbnail__link\" href=\"https:\/\/skusamexico.net\/en\/comunicado-llantas-de-lluvia\/\" tabindex=\"-1\" target=\"_blank\"><div class=\"elementor-post__thumbnail\"><img fetchpriority=\"high\" decoding=\"async\" width=\"300\" height=\"169\" src=\"https:\/\/skusamexico.net\/wp-content\/uploads\/2024\/10\/2-300x169.png\" class=\"attachment-medium size-medium wp-image-4889\" alt=\"\" srcset=\"https:\/\/skusamexico.net\/wp-content\/uploads\/2024\/10\/2-300x169.png 300w, https:\/\/skusamexico.net\/wp-content\/uploads\/2024\/10\/2-1024x576.png 1024w, https:\/\/skusamexico.net\/wp-content\/uploads\/2024\/10\/2-768x432.png 768w, https:\/\/skusamexico.net\/wp-content\/uploads\/2024\/10\/2-1536x864.png 1536w, https:\/\/skusamexico.net\/wp-content\/uploads\/2024\/10\/2-18x10.png 18w, https:\/\/skusamexico.net\/wp-content\/uploads\/2024\/10\/2.png 1920w\" sizes=\"(max-width: 300px) 100vw, 300px\" \/><\/div><\/a>\n\t\t\t\t<div class=\"elementor-post__text\">\n\t\t\t\t<h3 class=\"elementor-post__title\">\n\t\t\t<a href=\"https:\/\/skusamexico.net\/en\/comunicado-llantas-de-lluvia\/\" target=\"&quot;_blank&quot;\">\n\t\t\t\tRain Tires\t\t\t<\/a>\n\t\t<\/h3>\n\t\t\t\t<div class=\"elementor-post__excerpt\">\n\t\t\t\t\t<\/div>\n\t\t\n\t\t<a class=\"elementor-post__read-more\" href=\"https:\/\/skusamexico.net\/en\/comunicado-llantas-de-lluvia\/\" aria-label=\"Read more about Llantas de Lluvia\" tabindex=\"-1\" target=\"_blank\">\n\t\t\tLeer m\u00e1s \u00bb\t\t<\/a>\n\n\t\t\t\t<\/div>\n\t\t\t\t<div class=\"elementor-post__meta-data\">\n\t\t\t\t\t<span class=\"elementor-post-date\">\n\t\t\tJanuary 13, 2023\t\t<\/span>\n\t\t\t\t<\/div>\n\t\t\t\t\t<\/div>\n\t\t<\/article>\n\t\t\t\t<article class=\"elementor-post elementor-grid-item post-2357 post type-post status-publish format-standard has-post-thumbnail hentry category-protour category-campeonatos-2023 category-prokart\" role=\"listitem\">\n\t\t\t<div class=\"elementor-post__card\">\n\t\t\t\t<a class=\"elementor-post__thumbnail__link\" href=\"https:\/\/skusamexico.net\/en\/motor-x30\/\" tabindex=\"-1\" target=\"_blank\"><div class=\"elementor-post__thumbnail\"><img fetchpriority=\"high\" decoding=\"async\" width=\"300\" height=\"169\" src=\"https:\/\/skusamexico.net\/wp-content\/uploads\/2024\/10\/2-300x169.png\" class=\"attachment-medium size-medium wp-image-4889\" alt=\"\" srcset=\"https:\/\/skusamexico.net\/wp-content\/uploads\/2024\/10\/2-300x169.png 300w, https:\/\/skusamexico.net\/wp-content\/uploads\/2024\/10\/2-1024x576.png 1024w, https:\/\/skusamexico.net\/wp-content\/uploads\/2024\/10\/2-768x432.png 768w, https:\/\/skusamexico.net\/wp-content\/uploads\/2024\/10\/2-1536x864.png 1536w, https:\/\/skusamexico.net\/wp-content\/uploads\/2024\/10\/2-18x10.png 18w, https:\/\/skusamexico.net\/wp-content\/uploads\/2024\/10\/2.png 1920w\" sizes=\"(max-width: 300px) 100vw, 300px\" \/><\/div><\/a>\n\t\t\t\t<div class=\"elementor-post__text\">\n\t\t\t\t<h3 class=\"elementor-post__title\">\n\t\t\t<a href=\"https:\/\/skusamexico.net\/en\/motor-x30\/\" target=\"&quot;_blank&quot;\">\n\t\t\t\tX30 Engine Announcement\t\t\t<\/a>\n\t\t<\/h3>\n\t\t\t\t<div class=\"elementor-post__excerpt\">\n\t\t\t\t\t<\/div>\n\t\t\n\t\t<a class=\"elementor-post__read-more\" href=\"https:\/\/skusamexico.net\/en\/motor-x30\/\" aria-label=\"Read more about Comunicado Motor X30\" tabindex=\"-1\" target=\"_blank\">\n\t\t\tLeer m\u00e1s \u00bb\t\t<\/a>\n\n\t\t\t\t<\/div>\n\t\t\t\t<div class=\"elementor-post__meta-data\">\n\t\t\t\t\t<span class=\"elementor-post-date\">\n\t\t\tJanuary 6, 2023\t\t<\/span>\n\t\t\t\t<\/div>\n\t\t\t\t\t<\/div>\n\t\t<\/article>\n\t\t\t\t<\/div>\n\t\t\n\t\t\t\t\t\t<\/div>\n\t\t\t\t<\/div>\n\t\t\t\t<\/div>\n\t\t<div class=\"elementor-element elementor-element-fb2b05b e-con-full e-flex e-con e-child\" data-id=\"fb2b05b\" data-element_type=\"container\" data-e-type=\"container\">\n\t\t\t\t<div class=\"elementor-element elementor-element-b5ad98e elementor-widget elementor-widget-heading\" data-id=\"b5ad98e\" data-element_type=\"widget\" data-e-type=\"widget\" data-widget_type=\"heading.default\">\n\t\t\t\t<div class=\"elementor-widget-container\">\n\t\t\t\t\t<h2 class=\"elementor-heading-title elementor-size-default\">2022\n<\/h2>\t\t\t\t<\/div>\n\t\t\t\t<\/div>\n\t\t\t\t<div class=\"elementor-element elementor-element-86efff7 elementor-grid-3 elementor-grid-tablet-2 elementor-grid-mobile-1 elementor-posts--thumbnail-top elementor-card-shadow-yes elementor-posts__hover-gradient elementor-widget elementor-widget-posts\" data-id=\"86efff7\" data-element_type=\"widget\" data-e-type=\"widget\" data-settings=\"{&quot;cards_columns&quot;:&quot;3&quot;,&quot;cards_columns_tablet&quot;:&quot;2&quot;,&quot;cards_columns_mobile&quot;:&quot;1&quot;,&quot;cards_row_gap&quot;:{&quot;unit&quot;:&quot;px&quot;,&quot;size&quot;:35,&quot;sizes&quot;:[]},&quot;cards_row_gap_tablet&quot;:{&quot;unit&quot;:&quot;px&quot;,&quot;size&quot;:&quot;&quot;,&quot;sizes&quot;:[]},&quot;cards_row_gap_mobile&quot;:{&quot;unit&quot;:&quot;px&quot;,&quot;size&quot;:&quot;&quot;,&quot;sizes&quot;:[]}}\" data-widget_type=\"posts.cards\">\n\t\t\t\t<div class=\"elementor-widget-container\">\n\t\t\t\t\t\t\t<div class=\"elementor-posts-container elementor-posts elementor-posts--skin-cards elementor-grid\" role=\"list\">\n\t\t\t\t<article class=\"elementor-post elementor-grid-item post-2124 post type-post status-publish format-standard has-post-thumbnail hentry category-protour category-campeonatos-2023 category-prokart\" role=\"listitem\">\n\t\t\t<div class=\"elementor-post__card\">\n\t\t\t\t<a class=\"elementor-post__thumbnail__link\" href=\"https:\/\/skusamexico.net\/en\/comunicado-kz-175\/\" tabindex=\"-1\" target=\"_blank\"><div class=\"elementor-post__thumbnail\"><img fetchpriority=\"high\" decoding=\"async\" width=\"300\" height=\"169\" src=\"https:\/\/skusamexico.net\/wp-content\/uploads\/2024\/10\/2-300x169.png\" class=\"attachment-medium size-medium wp-image-4889\" alt=\"\" srcset=\"https:\/\/skusamexico.net\/wp-content\/uploads\/2024\/10\/2-300x169.png 300w, https:\/\/skusamexico.net\/wp-content\/uploads\/2024\/10\/2-1024x576.png 1024w, https:\/\/skusamexico.net\/wp-content\/uploads\/2024\/10\/2-768x432.png 768w, https:\/\/skusamexico.net\/wp-content\/uploads\/2024\/10\/2-1536x864.png 1536w, https:\/\/skusamexico.net\/wp-content\/uploads\/2024\/10\/2-18x10.png 18w, https:\/\/skusamexico.net\/wp-content\/uploads\/2024\/10\/2.png 1920w\" sizes=\"(max-width: 300px) 100vw, 300px\" \/><\/div><\/a>\n\t\t\t\t<div class=\"elementor-post__text\">\n\t\t\t\t<h3 class=\"elementor-post__title\">\n\t\t\t<a href=\"https:\/\/skusamexico.net\/en\/comunicado-kz-175\/\" target=\"&quot;_blank&quot;\">\n\t\t\t\tKZ 175 Announcement\t\t\t<\/a>\n\t\t<\/h3>\n\t\t\t\t<div class=\"elementor-post__excerpt\">\n\t\t\t\t\t<\/div>\n\t\t\n\t\t<a class=\"elementor-post__read-more\" href=\"https:\/\/skusamexico.net\/en\/comunicado-kz-175\/\" aria-label=\"Read more about Comunicado KZ 175\" tabindex=\"-1\" target=\"_blank\">\n\t\t\tLeer m\u00e1s \u00bb\t\t<\/a>\n\n\t\t\t\t<\/div>\n\t\t\t\t<div class=\"elementor-post__meta-data\">\n\t\t\t\t\t<span class=\"elementor-post-date\">\n\t\t\tDecember 28, 2022\t\t<\/span>\n\t\t\t\t<\/div>\n\t\t\t\t\t<\/div>\n\t\t<\/article>\n\t\t\t\t<\/div>\n\t\t\n\t\t\t\t\t\t<\/div>\n\t\t\t\t<\/div>\n\t\t\t\t<\/div>\n\t\t\t\t\t<\/div>\n\t\t\t\t<\/div>\n\t\t\t\t<\/div>","protected":false},"excerpt":{"rendered":"<p>COMUNICADOS 2025 2024 2023 2022<\/p>","protected":false},"author":2,"featured_media":0,"parent":0,"menu_order":0,"comment_status":"closed","ping_status":"closed","template":"","meta":{"_monsterinsights_skip_tracking":false,"_monsterinsights_sitenote_active":false,"_monsterinsights_sitenote_note":"","_monsterinsights_sitenote_category":0,"footnotes":""},"class_list":["post-1754","page","type-page","status-publish","hentry"],"_links":{"self":[{"href":"https:\/\/skusamexico.net\/en\/wp-json\/wp\/v2\/pages\/1754","targetHints":{"allow":["GET"]}}],"collection":[{"href":"https:\/\/skusamexico.net\/en\/wp-json\/wp\/v2\/pages"}],"about":[{"href":"https:\/\/skusamexico.net\/en\/wp-json\/wp\/v2\/types\/page"}],"author":[{"embeddable":true,"href":"https:\/\/skusamexico.net\/en\/wp-json\/wp\/v2\/users\/2"}],"replies":[{"embeddable":true,"href":"https:\/\/skusamexico.net\/en\/wp-json\/wp\/v2\/comments?post=1754"}],"version-history":[{"count":77,"href":"https:\/\/skusamexico.net\/en\/wp-json\/wp\/v2\/pages\/1754\/revisions"}],"predecessor-version":[{"id":7471,"href":"https:\/\/skusamexico.net\/en\/wp-json\/wp\/v2\/pages\/1754\/revisions\/7471"}],"wp:attachment":[{"href":"https:\/\/skusamexico.net\/en\/wp-json\/wp\/v2\/media?parent=1754"}],"curies":[{"name":"wp","href":"https:\/\/api.w.org\/{rel}","templated":true}]}}