{"id":1748,"date":"2022-12-10T17:48:06","date_gmt":"2022-12-10T23:48:06","guid":{"rendered":"http:\/\/skusamexico.net\/?page_id=1748"},"modified":"2025-08-01T13:52:12","modified_gmt":"2025-08-01T19:52:12","slug":"campeonatos-skusa","status":"publish","type":"page","link":"https:\/\/skusamexico.net\/en\/campeonatos-skusa\/","title":{"rendered":"SKUSA Championships"},"content":{"rendered":"<div data-elementor-type=\"wp-page\" data-elementor-id=\"1748\" class=\"elementor elementor-1748\" data-elementor-post-type=\"page\">\n\t\t\t\t<div class=\"elementor-element elementor-element-a61c6b2 e-flex e-con-boxed e-con e-parent\" data-id=\"a61c6b2\" data-element_type=\"container\" data-e-type=\"container\">\n\t\t\t\t\t<div class=\"e-con-inner\">\n\t\t\t\t<div class=\"elementor-element elementor-element-76aea57 elementor-widget elementor-widget-heading\" data-id=\"76aea57\" data-element_type=\"widget\" data-e-type=\"widget\" data-widget_type=\"heading.default\">\n\t\t\t\t<div class=\"elementor-widget-container\">\n\t\t\t\t\t<h1 class=\"elementor-heading-title elementor-size-default\">SKUSA CHAMPIONSHIPS<\/h1>\t\t\t\t<\/div>\n\t\t\t\t<\/div>\n\t\t<div class=\"elementor-element elementor-element-bc6c25e e-con-full e-flex e-con e-child\" data-id=\"bc6c25e\" data-element_type=\"container\" data-e-type=\"container\">\n\t\t\t\t<div class=\"elementor-element elementor-element-c1cf9a8 elementor-cta--valign-middle elementor-cta--skin-classic elementor-animated-content elementor-bg-transform elementor-bg-transform-zoom-in elementor-widget elementor-widget-call-to-action\" data-id=\"c1cf9a8\" data-element_type=\"widget\" data-e-type=\"widget\" id=\"skusa\" data-widget_type=\"call-to-action.default\">\n\t\t\t\t<div class=\"elementor-widget-container\">\n\t\t\t\t\t\t\t<div class=\"elementor-cta\">\n\t\t\t\t\t<div class=\"elementor-cta__bg-wrapper\">\n\t\t\t\t<div class=\"elementor-cta__bg elementor-bg\" style=\"background-image: url(https:\/\/skusamexico.net\/wp-content\/uploads\/2025\/02\/campeonatos-skusa.jpg);\" role=\"img\" aria-label=\"campeonatos-skusa\"><\/div>\n\t\t\t\t<div class=\"elementor-cta__bg-overlay\"><\/div>\n\t\t\t<\/div>\n\t\t\t\t\t\t\t<div class=\"elementor-cta__content\">\n\t\t\t\t\n\t\t\t\t\t\t\t\t\t<h1 class=\"elementor-cta__title elementor-cta__content-item elementor-content-item\">\n\t\t\t\t\t\tProTour M\u00e9xico\t\t\t\t\t<\/h1>\n\t\t\t\t\n\t\t\t\t\t\t\t\t\t<div class=\"elementor-cta__description elementor-cta__content-item elementor-content-item\">\n\t\t\t\t\t\tSKUSA M\u00e9xico* es la extensi\u00f3n oficial de SuperKarts! USA en territorio mexicano, creada con el objetivo de profesionalizar el kartismo nacional bajo los est\u00e1ndares m\u00e1s altos del automovilismo internacional. Su lanzamiento se concret\u00f3 en enero de 2021 gracias a una alianza entre Tom Kutscher, presidente de SKUSA, y Luis J\u00e1uregui, cofundador de KBR M\u00e9xico. Esta colaboraci\u00f3n permiti\u00f3 importar al pa\u00eds no solo el nombre y prestigio de SKUSA, sino tambi\u00e9n su reglamentaci\u00f3n t\u00e9cnica, log\u00edstica operativa y estructura de competencia.\n<br><br>\nDesde su primera temporada, SKUSA M\u00e9xico adopt\u00f3 un formato similar al SKUSA Pro-Tour de Estados Unidos, con un calendario compuesto por fechas dobles a partir del 2022, categor\u00edas homologadas y estrictos controles t\u00e9cnicos. En su debut, la serie incluy\u00f3 divisiones como Baby, Micro, Mini, X30 Junior, Senior y M\u00e1ster, as\u00ed como Shifter, atrayendo a pilotos de diferentes edades y niveles. Adem\u00e1s, se ofrecieron premios de alto valor, entre ellos inscripciones al SKUSA Pro-Tour, entradas al SuperNationals de Las Vegas y apoyos log\u00edsticos, superando los 60 mil d\u00f3lares en incentivos.\n<br><br>\nUno de los principales objetivos de SKUSA M\u00e9xico es formar una plataforma s\u00f3lida que sirva de puente entre el talento mexicano y las grandes competencias internacionales. A trav\u00e9s de entrenamientos homologados, profesionalizaci\u00f3n del ambiente competitivo y la constante participaci\u00f3n de equipos t\u00e9cnicos capacitados, la serie ha logrado posicionarse como una de las m\u00e1s importantes del kartismo en Latinoam\u00e9rica.\n<br><br>\nActualmente, SKUSA M\u00e9xico contin\u00faa en expansi\u00f3n, organizando campeonatos anuales con amplia participaci\u00f3n y creciendo tanto en infraestructura como en nivel competitivo. Su apuesta es clara: formar campeones dentro y fuera del pa\u00eds, brindando a j\u00f3venes pilotos las herramientas necesarias para destacar en escenarios internacionales, bajo una filosof\u00eda de trabajo, disciplina y pasi\u00f3n por el kartismo profesional.\t\t\t\t\t<\/div>\n\t\t\t\t\n\t\t\t\t\t\t\t<\/div>\n\t\t\t\t\t\t<\/div>\n\t\t\t\t\t\t<\/div>\n\t\t\t\t<\/div>\n\t\t\t\t<\/div>\n\t\t<div class=\"elementor-element elementor-element-edf30d2 e-con-full e-flex e-con e-child\" data-id=\"edf30d2\" data-element_type=\"container\" data-e-type=\"container\">\n\t\t\t\t<div class=\"elementor-element elementor-element-0ca6ec5 elementor-cta--valign-middle elementor-cta--skin-classic elementor-animated-content elementor-bg-transform elementor-bg-transform-zoom-in elementor-widget elementor-widget-call-to-action\" data-id=\"0ca6ec5\" data-element_type=\"widget\" data-e-type=\"widget\" id=\"iame\" data-widget_type=\"call-to-action.default\">\n\t\t\t\t<div class=\"elementor-widget-container\">\n\t\t\t\t\t\t\t<div class=\"elementor-cta\">\n\t\t\t\t\t<div class=\"elementor-cta__bg-wrapper\">\n\t\t\t\t<div class=\"elementor-cta__bg elementor-bg\" style=\"background-image: url(https:\/\/skusamexico.net\/wp-content\/uploads\/2025\/02\/campeonatos-skusa3.jpg);\" role=\"img\" aria-label=\"campeonatos-skusa3\"><\/div>\n\t\t\t\t<div class=\"elementor-cta__bg-overlay\"><\/div>\n\t\t\t<\/div>\n\t\t\t\t\t\t\t<div class=\"elementor-cta__content\">\n\t\t\t\t\n\t\t\t\t\t\t\t\t\t<h1 class=\"elementor-cta__title elementor-cta__content-item elementor-content-item\">\n\t\t\t\t\t\tIAME Series M\u00e9xico\t\t\t\t\t<\/h1>\n\t\t\t\t\n\t\t\t\t\t\t\t\t\t<div class=\"elementor-cta__description elementor-cta__content-item elementor-content-item\">\n\t\t\t\t\t\tLa IAME Series M\u00e9xico es un campeonato nacional de kartismo organizado por SKUSA M\u00e9xico, enfocado en promover el talento joven y profesionalizar la competencia en el pa\u00eds. Forma parte del ecosistema internacional de la marca IAME (Italian American Motor Engineering), reconocida mundialmente por su impulso al karting de alto nivel.\n<br><br>\nEl certamen cuenta con una estructura por categor\u00edas basada en edad y experiencia, lo que permite una progresi\u00f3n clara para los pilotos. Las clases van desde *Baby* (4 a 7 a\u00f1os) hasta categor\u00edas de alto rendimiento como X30 Senior, X30 M\u00e1ster y KZ1, todas utilizando motores IAME, que son est\u00e1ndar en competencias internacionales.\n<br><br>\nEl campeonato se lleva a cabo una vez al a\u00f1o, con un formato de heats clasificatorios, carreras preliminares y la carrera final donde el ganador se lleva los galardones. \n<br><br>\nAdem\u00e1s de fomentar el desarrollo deportivo, la IAME Series M\u00e9xico ofrece *premios importantes, incluyendo inscripciones a la temporada del SKUSA Pro-Tour M\u00e9xico y plazas para representar a M\u00e9xico en la IAME World Final, evento internacional que re\u00fane a los mejores kartistas del mundo.\n<br><br>\nEl evento est\u00e1 dise\u00f1ado para ofrecer *competencia de alto nivel*, con est\u00e1ndares t\u00e9cnicos estrictos, seguridad en pista y una organizaci\u00f3n profesional. Su objetivo principal es formar a los futuros talentos del automovilismo nacional e internacional, brind\u00e1ndoles un entorno competitivo, seguro y de proyecci\u00f3n global.\t\t\t\t\t<\/div>\n\t\t\t\t\n\t\t\t\t\t\t\t<\/div>\n\t\t\t\t\t\t<\/div>\n\t\t\t\t\t\t<\/div>\n\t\t\t\t<\/div>\n\t\t\t\t<\/div>\n\t\t<div class=\"elementor-element elementor-element-3170f47 e-con-full e-flex e-con e-child\" data-id=\"3170f47\" data-element_type=\"container\" data-e-type=\"container\">\n\t\t\t\t<div class=\"elementor-element elementor-element-63de0d2 elementor-cta--valign-middle elementor-cta--skin-classic elementor-animated-content elementor-bg-transform elementor-bg-transform-zoom-in elementor-widget elementor-widget-call-to-action\" data-id=\"63de0d2\" data-element_type=\"widget\" data-e-type=\"widget\" id=\"prokart\" data-widget_type=\"call-to-action.default\">\n\t\t\t\t<div class=\"elementor-widget-container\">\n\t\t\t\t\t\t\t<div class=\"elementor-cta\">\n\t\t\t\t\t<div class=\"elementor-cta__bg-wrapper\">\n\t\t\t\t<div class=\"elementor-cta__bg elementor-bg\" style=\"background-image: url(https:\/\/skusamexico.net\/wp-content\/uploads\/2025\/02\/campeonatos-skusa4-1.jpg);\" role=\"img\" aria-label=\"campeonatos-skusa4\"><\/div>\n\t\t\t\t<div class=\"elementor-cta__bg-overlay\"><\/div>\n\t\t\t<\/div>\n\t\t\t\t\t\t\t<div class=\"elementor-cta__content\">\n\t\t\t\t\n\t\t\t\t\t\t\t\t\t<h1 class=\"elementor-cta__title elementor-cta__content-item elementor-content-item\">\n\t\t\t\t\t\tPRO-KART M\u00e9xico\t\t\t\t\t<\/h1>\n\t\t\t\t\n\t\t\t\t\t\t\t\t\t<div class=\"elementor-cta__description elementor-cta__content-item elementor-content-item\">\n\t\t\t\t\t\tProkart M\u00e9xico; es un campeonato regional de karting que tuvo  como objetivo fomentar la formaci\u00f3n de pilotos, equipos y talentos emergentes dentro del automovilismo deportivo. Este certamen se caracterizo por ofrecer un ambiente competitivo, accesible y profesional, orientado tanto a nuevos talentos como a pilotos con experiencia que buscan mantenerse activos en la escena nacional.\n<br><br>\nProkart M\u00e9xico se desarrollo en distintas sedes del pa\u00eds, promoviendo el crecimiento del kartismo a nivel local y regional. Con categor\u00edas bien estructuradas y reglamentos t\u00e9cnicos claros, el campeonato funciona como una plataforma ideal para que los pilotos adquieran experiencia antes de dar el salto a competencias de mayor nivel, como campeonatos nacionales o internacionales.\n<br><br>\nAdem\u00e1s de su enfoque deportivo, se distingue por impulsar valores como el compa\u00f1erismo, el respeto en pista y el desarrollo t\u00e9cnico de los equipos participantes, contribuyendo activamente al fortalecimiento del kartismo en M\u00e9xico.\n\t\t\t\t\t<\/div>\n\t\t\t\t\n\t\t\t\t\t\t\t<\/div>\n\t\t\t\t\t\t<\/div>\n\t\t\t\t\t\t<\/div>\n\t\t\t\t<\/div>\n\t\t\t\t<\/div>\n\t\t<div class=\"elementor-element elementor-element-f587564 e-con-full e-flex e-con e-child\" data-id=\"f587564\" data-element_type=\"container\" data-e-type=\"container\">\n\t\t\t\t<div class=\"elementor-element elementor-element-bdbac52 elementor-cta--valign-middle elementor-cta--skin-classic elementor-animated-content elementor-bg-transform elementor-bg-transform-zoom-in elementor-widget elementor-widget-call-to-action\" data-id=\"bdbac52\" data-element_type=\"widget\" data-e-type=\"widget\" id=\"kusa\" data-widget_type=\"call-to-action.default\">\n\t\t\t\t<div class=\"elementor-widget-container\">\n\t\t\t\t\t\t\t<div class=\"elementor-cta\">\n\t\t\t\t\t<div class=\"elementor-cta__bg-wrapper\">\n\t\t\t\t<div class=\"elementor-cta__bg elementor-bg\" style=\"background-image: url(https:\/\/skusamexico.net\/wp-content\/uploads\/2025\/02\/campeonatos-skusa.jpg);\" role=\"img\" aria-label=\"campeonatos-skusa\"><\/div>\n\t\t\t\t<div class=\"elementor-cta__bg-overlay\"><\/div>\n\t\t\t<\/div>\n\t\t\t\t\t\t\t<div class=\"elementor-cta__content\">\n\t\t\t\t\n\t\t\t\t\t\t\t\t\t<h1 class=\"elementor-cta__title elementor-cta__content-item elementor-content-item\">\n\t\t\t\t\t\tSUPERKARTS USA\t\t\t\t\t<\/h1>\n\t\t\t\t\n\t\t\t\t\t\t\t\t\t<div class=\"elementor-cta__description elementor-cta__content-item elementor-content-item\">\n\t\t\t\t\t\tSuperKarts! USA (SKUSA) ; es una de las organizaciones m\u00e1s importantes y reconocidas en el mundo del kartismo competitivo en Am\u00e9rica del Norte y, sin duda, la m\u00e1s influyente de todo el continente americano. Fundada en los a\u00f1os noventa por el comentarista Ken Gatchell, SKUSA naci\u00f3 en Estados Unidos como una plataforma profesional dedicada al desarrollo de pilotos desde categor\u00edas infantiles hasta niveles avanzados, con un fuerte enfoque en la formaci\u00f3n, la competencia de alto nivel y la proyecci\u00f3n internacional.\n<br><br>\nEn 2006, Tom y Patti Kutscher adquirieron la organizaci\u00f3n y la transformaron por completo gracias a su amor por este deporte. Implementaron un programa centrado en ofrecer una experiencia \u00fanica para los pilotos, con un servicio al cliente excepcional y una visi\u00f3n de crecimiento que convirti\u00f3 a SKUSA en un referente mundial. La organizaci\u00f3n opera campeonatos de gran prestigio como el SKUSA Pro-Tour, el Winter Series y el emblem\u00e1tico SuperNationals, que cada a\u00f1o re\u00fane en Las Vegas a pilotos de \u00e9lite de todo el mundo.\n<br><br>\nFiel a su compromiso con la equidad, la profesionalizaci\u00f3n y la estricta regulaci\u00f3n t\u00e9cnica y deportiva, SKUSA ha logrado consolidarse como una liga de competencia de alto nivel y un semillero de futuros talentos del automovilismo. En su estrategia de expansi\u00f3n, cre\u00f3 una empresa conjunta con SKUSA M\u00e9xico, replicando el exitoso modelo estadounidense en un programa regional pr\u00f3spero al sur de la frontera, y promoviendo el kartismo profesional en Latinoam\u00e9rica bajo los mismos est\u00e1ndares de calidad. \n<br>\n<br>\n<a href=\"https:\/\/www.superkartsusa.com\/\" target=\"_blank\" rel=\"noopener\">Ir a SuperKARTS USA<\/a>\t\t\t\t\t<\/div>\n\t\t\t\t\n\t\t\t\t\t\t\t<\/div>\n\t\t\t\t\t\t<\/div>\n\t\t\t\t\t\t<\/div>\n\t\t\t\t<\/div>\n\t\t\t\t<\/div>\n\t\t\t\t\t<\/div>\n\t\t\t\t<\/div>\n\t\t\t\t<\/div>","protected":false},"excerpt":{"rendered":"<p>CAMPEONATOS SKUSA ProTour M\u00e9xico SKUSA M\u00e9xico* es la extensi\u00f3n oficial de SuperKarts! USA en territorio mexicano, creada con el objetivo de profesionalizar el kartismo nacional bajo los est\u00e1ndares m\u00e1s altos del automovilismo internacional. Su lanzamiento se concret\u00f3 en enero de 2021 gracias a una alianza entre Tom Kutscher, presidente de SKUSA, y Luis J\u00e1uregui, cofundador [&hellip;]<\/p>\n","protected":false},"author":2,"featured_media":0,"parent":0,"menu_order":0,"comment_status":"closed","ping_status":"closed","template":"","meta":{"_monsterinsights_skip_tracking":false,"_monsterinsights_sitenote_active":false,"_monsterinsights_sitenote_note":"","_monsterinsights_sitenote_category":0,"footnotes":""},"class_list":["post-1748","page","type-page","status-publish","hentry"],"_links":{"self":[{"href":"https:\/\/skusamexico.net\/en\/wp-json\/wp\/v2\/pages\/1748","targetHints":{"allow":["GET"]}}],"collection":[{"href":"https:\/\/skusamexico.net\/en\/wp-json\/wp\/v2\/pages"}],"about":[{"href":"https:\/\/skusamexico.net\/en\/wp-json\/wp\/v2\/types\/page"}],"author":[{"embeddable":true,"href":"https:\/\/skusamexico.net\/en\/wp-json\/wp\/v2\/users\/2"}],"replies":[{"embeddable":true,"href":"https:\/\/skusamexico.net\/en\/wp-json\/wp\/v2\/comments?post=1748"}],"version-history":[{"count":110,"href":"https:\/\/skusamexico.net\/en\/wp-json\/wp\/v2\/pages\/1748\/revisions"}],"predecessor-version":[{"id":7567,"href":"https:\/\/skusamexico.net\/en\/wp-json\/wp\/v2\/pages\/1748\/revisions\/7567"}],"wp:attachment":[{"href":"https:\/\/skusamexico.net\/en\/wp-json\/wp\/v2\/media?parent=1748"}],"curies":[{"name":"wp","href":"https:\/\/api.w.org\/{rel}","templated":true}]}}